{"id":7219,"date":"2019-12-20T15:41:33","date_gmt":"2019-12-20T14:41:33","guid":{"rendered":"https:\/\/www.opinometre.com\/actualitat-2019\/"},"modified":"2019-12-23T09:09:41","modified_gmt":"2019-12-23T08:09:41","slug":"actualidad-2019","status":"publish","type":"page","link":"https:\/\/www.opinometre.com\/es\/actualidad-2019\/","title":{"rendered":"Actualidad 2019"},"content":{"rendered":"\n<style type=\"text\/css\" data-created_by=\"avia_inline_auto\" id=\"style-css-av-2q88y8-92a216313a5c582825ff2b4a205face1\">\n.flex_column.av-2q88y8-92a216313a5c582825ff2b4a205face1{\nborder-radius:0px 0px 0px 0px;\npadding:0px 0px 0px 0px;\n}\n<\/style>\n<div  class='flex_column av-2q88y8-92a216313a5c582825ff2b4a205face1 av_one_full  avia-builder-el-0  avia-builder-el-no-sibling  first flex_column_div av-zero-column-padding  '     ><section  class='av_textblock_section av-k4ej9x4f-207057d40b47907861349b8012c702c8 '   itemscope=\"itemscope\" itemtype=\"https:\/\/schema.org\/CreativeWork\" ><div class='avia_textblock'  itemprop=\"text\" ><h3>Cultura y formaci\u00f3n<\/h3>\n<p><a href=\"\/es\/2019\/12\/20\/encuesta-participacion-cultural\/\">Encuesta de participaci\u00f3n cultural<\/a><\/p>\n<p><a href=\"\/es\/2019\/04\/26\/encuesta-lenguas-extranjeras-uab\/\">Encuesta de lenguas extranjeras UAB<\/a><\/p>\n<p><a href=\"\/es\/2019\/03\/15\/encuesta-usos-percepcion-medios-audiovisuales\/\">Encuesta de usos y percepci\u00f3n de los medios audiovisuales<\/a><\/p>\n<h3>Emprendendur\u00eda<\/h3>\n<p><a href=\"\/es\/2019\/12\/20\/global-entrepreneurship-monitor-2019\/\">Global Entrepreneurship Monitor<\/a><\/p>\n<p><a href=\"\/es\/2019\/10\/06\/immigrants-entrepreneur-survey\/\">Immigrants Entrepreneur Survey<\/a><\/p>\n<h3>Movilidad<\/h3>\n<p><a href=\"\/es\/2019\/12\/20\/campana-informacion-nueva-red-bus-palma\/\">Campa\u00f1a de informaci\u00f3n para la nueva red de autobuses de EMT de Palma<\/a><\/p>\n<p><a href=\"\/es\/2019\/11\/18\/encuesta-satisfaccion-usuarios-bus-segovia\/\">Encuesta de satisfacci\u00f3n usuarios del bus urbano de Segovia<\/a><\/p>\n<p><a href=\"\/es\/2019\/05\/20\/encuesta-movilidad-comunidad-universitaria-uab\/\">Encuesta de movilidad en la comunidad universitaria de la UAB<\/a><\/p>\n<h3>Seguridad y pol\u00edticas p\u00fablicas<\/h3>\n<p><a href=\"\/es\/2019\/12\/20\/encuesta-valoracion-politicas-publicas-ceo\/\">Encuesta de Valoraci\u00f3n de Pol\u00edticas P\u00fablicas (CEO)<\/a><\/p>\n<p><a href=\"\/es\/2019\/09\/12\/encuesta-b-mincome-2019\/\">Encuesta B-MINCOME 2019<\/a><\/p>\n<p><a href=\"\/es\/2019\/06\/20\/encuestas-victimizacion-2019\/\">Encuestas de Victimizaci\u00f3n 2019<\/a><\/p>\n<\/div><\/section><\/div>\n","protected":false},"excerpt":{"rendered":"","protected":false},"author":1,"featured_media":0,"parent":0,"menu_order":0,"comment_status":"closed","ping_status":"closed","template":"","meta":{"footnotes":""},"class_list":["post-7219","page","type-page","status-publish","hentry"],"_links":{"self":[{"href":"https:\/\/www.opinometre.com\/es\/wp-json\/wp\/v2\/pages\/7219","targetHints":{"allow":["GET"]}}],"collection":[{"href":"https:\/\/www.opinometre.com\/es\/wp-json\/wp\/v2\/pages"}],"about":[{"href":"https:\/\/www.opinometre.com\/es\/wp-json\/wp\/v2\/types\/page"}],"author":[{"embeddable":true,"href":"https:\/\/www.opinometre.com\/es\/wp-json\/wp\/v2\/users\/1"}],"replies":[{"embeddable":true,"href":"https:\/\/www.opinometre.com\/es\/wp-json\/wp\/v2\/comments?post=7219"}],"version-history":[{"count":5,"href":"https:\/\/www.opinometre.com\/es\/wp-json\/wp\/v2\/pages\/7219\/revisions"}],"predecessor-version":[{"id":7403,"href":"https:\/\/www.opinometre.com\/es\/wp-json\/wp\/v2\/pages\/7219\/revisions\/7403"}],"wp:attachment":[{"href":"https:\/\/www.opinometre.com\/es\/wp-json\/wp\/v2\/media?parent=7219"}],"curies":[{"name":"wp","href":"https:\/\/api.w.org\/{rel}","templated":true}]}}