{"id":6814,"date":"2019-04-04T15:26:52","date_gmt":"2019-04-04T14:26:52","guid":{"rendered":"https:\/\/www.opinometre.com\/servicios\/projecte-gem-global-entrepreneurship-monitor\/"},"modified":"2019-04-04T15:40:58","modified_gmt":"2019-04-04T14:40:58","slug":"proyecto-gem-global-entrepreneurship-monitor","status":"publish","type":"page","link":"https:\/\/www.opinometre.com\/es\/servicios\/proyecto-gem-global-entrepreneurship-monitor\/","title":{"rendered":"Proyecto GEM (Global Entrepreneurship Monitor)"},"content":{"rendered":"<section  class='av_textblock_section av-ju2qhifa-9fbd83a6819542ca4f9e8da6d7d6dc71 '   itemscope=\"itemscope\" itemtype=\"https:\/\/schema.org\/CreativeWork\" ><div class='avia_textblock'  itemprop=\"text\" ><h3>Amb m\u00e9s de 24.000 enquestes anuals a la poblaci\u00f3 espanyola de 18-64 anys, l&#8217;Institut Opin\u00f2metre \u00e9s el prove\u00efdor que aporta el treball de camp m\u00e9s gran a nivell internacional en l&#8217;observatori GEM sobre emprenedoria<\/h3>\n<p><img loading=\"lazy\" decoding=\"async\" class=\"size-medium wp-image-6790 alignright\" src=\"https:\/\/www.opinometre.com\/wp-content\/uploads\/2019\/04\/gem_3-300x103.jpg\" alt=\"\" width=\"300\" height=\"103\" \/><strong>Global Entrepreneurship Monitor<\/strong> (GEM) \u00e9s l&#8217;observatori internacional m\u00e9s ambici\u00f3s i complert sobre emprenedoria del mon.<\/p>\n<p>Dissenyat per a estimar l&#8217;activitat emprenedora a les poblacions dels pa\u00efsos participants i les seves principals caracter\u00edstiques, els resultats de l&#8217;observatori es basen en estimacions a partir de mostres representatives de les poblacions objectiu que tenen una grand\u00e0ria m\u00ednima de 2000 casos per pa\u00eds.<\/p>\n<p>Espanya participa des de l\u2019any 2000 en el projecte i, l&#8217;<strong>Institut Opin\u00f2metre<\/strong> va guanyar el concurs com a prove\u00efdor de camp per a l\u2019equip espanyol l\u2019any 2001 atorgat per GERA, la instituci\u00f3 administrativa representant de GEM a London Business School.<\/p>\n<p>A partir de l\u2019any 2003, el projecte va cr\u00e9ixer fins a implantar un equip de recerca a cada Comunitat Aut\u00f2noma. La mostra va cr\u00e9ixer paral\u00b7lelament i des de l\u2019any 2006 oscil\u00b7la entre les 23.000 i 30.000 anuals per a tots els territoris espanyols, constituint la major aportaci\u00f3 de dades fetes per un pa\u00eds al projecte (entre un 12 i un 15% del total mundial en funci\u00f3 de l\u2019any).<\/p>\n<p>Actualment, GEM Espanya, est\u00e0 representat per la Xarxa Espanyola d\u2019Equips Regionals GEM, constitu\u00efda per investigadors de 19 universitats i liderada per la Fundaci\u00f3 UCEIF-CISE. GEM ha creat m\u00e9s de 100 equips arreu del mon i, actualment, t\u00e9 una participaci\u00f3 en torn a 55 pa\u00efsos cada any.<\/p>\n<h3>Les principals aportacions de l&#8217;observatori GEM<\/h3>\n<p><img loading=\"lazy\" decoding=\"async\" class=\" wp-image-6808 alignleft\" src=\"https:\/\/www.opinometre.com\/wp-content\/uploads\/2019\/04\/gem_4-300x212.jpg\" alt=\"\" width=\"188\" height=\"133\" srcset=\"https:\/\/www.opinometre.com\/wp-content\/uploads\/2019\/04\/gem_4-300x212.jpg 300w, https:\/\/www.opinometre.com\/wp-content\/uploads\/2019\/04\/gem_4-260x185.jpg 260w, https:\/\/www.opinometre.com\/wp-content\/uploads\/2019\/04\/gem_4.jpg 302w\" sizes=\"auto, (max-width: 188px) 100vw, 188px\" \/>L&#8217;indicador m\u00e9s visible de l&#8217;observatori es la <strong>TEA o taxa d&#8217;activitat emprenedora<\/strong> total que representa la proporci\u00f3 d&#8217;individus de 18-64 anys d\u2019una poblaci\u00f3 involucrats en una activitat que \u00e9s, com a molt 3,5 anys activa en el mercat<\/p>\n<p><img loading=\"lazy\" decoding=\"async\" class=\" wp-image-6805 alignright\" src=\"https:\/\/www.opinometre.com\/wp-content\/uploads\/2019\/04\/gem_5-300x200.jpg\" alt=\"\" width=\"222\" height=\"148\" srcset=\"https:\/\/www.opinometre.com\/wp-content\/uploads\/2019\/04\/gem_5-300x200.jpg 300w, https:\/\/www.opinometre.com\/wp-content\/uploads\/2019\/04\/gem_5.jpg 339w\" sizes=\"auto, (max-width: 222px) 100vw, 222px\" \/><\/p>\n<p>L&#8217;observatori classifica l&#8217;activitat emprenedora en diferents tipus, com ara, per oportunitat, per necessitat, amb o sense component d&#8217;innovaci\u00f3, en funci\u00f3 de la competitivitat, l&#8217;\u00fas de noves tecnologies, intensitat exportadora i moltes altres caracter\u00edstiques como son el sector, la dimensi\u00f3, el nombre de propietaris i altres<\/p>\n<p><img loading=\"lazy\" decoding=\"async\" class=\"wp-image-6802 alignleft\" src=\"https:\/\/www.opinometre.com\/wp-content\/uploads\/2019\/04\/gem_6-300x190.jpg\" alt=\"\" width=\"208\" height=\"132\" srcset=\"https:\/\/www.opinometre.com\/wp-content\/uploads\/2019\/04\/gem_6-300x190.jpg 300w, https:\/\/www.opinometre.com\/wp-content\/uploads\/2019\/04\/gem_6.jpg 364w\" sizes=\"auto, (max-width: 208px) 100vw, 208px\" \/>Un altre apartat important que ofereix GEM \u00e9s l&#8217;estimaci\u00f3 i an\u00e0lisi de la presencia de valors emprenedors b\u00e0sics en la poblaci\u00f3 i tamb\u00e9 la percepci\u00f3 social cap a l&#8217;emprenedoria. La vigil\u00e0ncia d&#8217;aquests indicadors i els indexes compostos que s&#8217;obtenen a partir dels mateixos, permeten avaluar el potencial emprenedor de les poblacions i el seu ritme d&#8217;evoluci\u00f3 cap a una mentalitat\u00a0 proactiva com la que demanda l\u2019actual escenari econ\u00f2mic i el canvi de la era industrial a la digital<\/p>\n<p><img loading=\"lazy\" decoding=\"async\" class=\" wp-image-6799 alignright\" src=\"https:\/\/www.opinometre.com\/wp-content\/uploads\/2019\/04\/gem_7-300x188.jpg\" alt=\"\" width=\"225\" height=\"141\" srcset=\"https:\/\/www.opinometre.com\/wp-content\/uploads\/2019\/04\/gem_7-300x188.jpg 300w, https:\/\/www.opinometre.com\/wp-content\/uploads\/2019\/04\/gem_7.jpg 337w\" sizes=\"auto, (max-width: 225px) 100vw, 225px\" \/>GEM complementa tot l\u2019anterior amb l&#8217;estimaci\u00f3 de la proporci\u00f3 d\u2019adults que actuen com a inversors informals a la poblaci\u00f3, aspecte no estudiat per cap altra font d&#8217;informaci\u00f3, i tamb\u00e9 realitza una enquesta a una selecci\u00f3 d\u2019experts en diverses condicions d&#8217;entorn (com ara finan\u00e7ament, pol\u00edtiques governamentals, infraestructures comercial i f\u00edsica i altres aspectes), que permet obtenir un diagn\u00f2stic de l&#8217;estat del context per emprendre, destacant els seus punts forts i d\u00e8bils<\/p>\n<p><img loading=\"lazy\" decoding=\"async\" class=\"wp-image-6796 alignleft\" src=\"https:\/\/www.opinometre.com\/wp-content\/uploads\/2019\/04\/gem_8-300x198.jpg\" alt=\"\" width=\"195\" height=\"129\" srcset=\"https:\/\/www.opinometre.com\/wp-content\/uploads\/2019\/04\/gem_8-300x198.jpg 300w, https:\/\/www.opinometre.com\/wp-content\/uploads\/2019\/04\/gem_8.jpg 348w\" sizes=\"auto, (max-width: 195px) 100vw, 195px\" \/>L&#8217;<strong>Institut Opinometre<\/strong> ha treballat aquests darrers 20 anys ajudant a construir aquesta potent eina d&#8217;informaci\u00f3 i an\u00e0lisi, fent no nom\u00e9s de prove\u00efdor per a Espanya, sin\u00f3 ajudant a fer estudis pilot de noves preguntes per a GEM Global, suggerint noves idees i formes de gestionar les dades, actuant com a consultor d\u2019equips (per exemple per a l\u2019equip d&#8217;Emirats \u00c0rabs Units) i, des de l\u2019any 2016 coordina i participa activament en la realitzaci\u00f3 de l&#8217;Informe GEM d&#8217;Ar\u00e0bia Sauri patrocinat per Babson Global i amb seu a la MBSC a Jeddah<\/p>\n<p><img loading=\"lazy\" decoding=\"async\" class=\" wp-image-6793 alignright\" src=\"https:\/\/www.opinometre.com\/wp-content\/uploads\/2019\/04\/gem_9-300x221.png\" alt=\"\" width=\"193\" height=\"142\" srcset=\"https:\/\/www.opinometre.com\/wp-content\/uploads\/2019\/04\/gem_9-300x221.png 300w, https:\/\/www.opinometre.com\/wp-content\/uploads\/2019\/04\/gem_9.png 340w\" sizes=\"auto, (max-width: 193px) 100vw, 193px\" \/>Un dels aspectes m\u00e9s importants de GEM es la seva continua vigil\u00e0ncia dels canvis que es donen en torn a l&#8217;estudi de l&#8217;emprenedoria. Gr\u00e0cies a aquesta vigil\u00e0ncia, el projecte ha estat a la Vanguardia dels estudis d&#8217;aspectes particulars de l&#8217;emprenedoria, como ara: estudi de l&#8217;emprenedoria en funci\u00f3 del g\u00e8nere, en funci\u00f3 de gran potencial de creixement, en funci\u00f3 de l&#8217;origen dels emprenedors, emprenedoria d&#8217;empleats o intra-emprenedoria, emprenedoria i empresa familiar, emprenedoria des de plataformes digitals o gig economies i, de cara a l\u2019any 2020, el llan\u00e7ament a gran escala de l&#8217;estudi d&#8217;ecosistemes emprenedors, una nova dimensi\u00f3 dins del projecte, enfocada a l\u2019an\u00e0lisi local de la qualitat de aquest tipus de xarxes en zones sots-nacionals<\/p>\n<h3>L&#8217;Institut Opin\u00f2metre \u00e9s, actualment, l&#8217;empresa espanyola que ha aglutinat m\u00e9s coneixements directes relacionats amb la col\u00b7lecci\u00f3 i an\u00e0lisi de dades en l&#8217;\u00e0mbit de l&#8217;emprenedoria, estant qualificat com a empresa per oferir diversos tipus de serveis relacionats amb aquest \u00e0mbit com ara:<\/h3>\n<ul>\n<li><strong>Estimaci\u00f3 del potencial intra-emprenedor del personal de mitjanes i grans empreses<\/strong><\/li>\n<li><strong>Estudis sobre qualitat d&#8217;ecosistemes emprenedors<\/strong><\/li>\n<li><strong>Estudis de clima empresarial i seguiment de l&#8217;activitat emprenedora.<\/strong><\/li>\n<li><strong>Oficina municipal de l&#8217;emprenedor: observatori municipal.<\/strong><\/li>\n<li><strong>Plans estrat\u00e8gics de dinamitzaci\u00f3 de sectors d&#8217;activitat.<\/strong><\/li>\n<li><strong>Realitzaci\u00f3 de tallers de compet\u00e8ncies emprenedores: compet\u00e8ncies emprenedores<\/strong><\/li>\n<\/ul>\n<\/div><\/section>\n","protected":false},"excerpt":{"rendered":"","protected":false},"author":1,"featured_media":0,"parent":4680,"menu_order":0,"comment_status":"closed","ping_status":"closed","template":"","meta":{"footnotes":""},"class_list":["post-6814","page","type-page","status-publish","hentry"],"_links":{"self":[{"href":"https:\/\/www.opinometre.com\/es\/wp-json\/wp\/v2\/pages\/6814","targetHints":{"allow":["GET"]}}],"collection":[{"href":"https:\/\/www.opinometre.com\/es\/wp-json\/wp\/v2\/pages"}],"about":[{"href":"https:\/\/www.opinometre.com\/es\/wp-json\/wp\/v2\/types\/page"}],"author":[{"embeddable":true,"href":"https:\/\/www.opinometre.com\/es\/wp-json\/wp\/v2\/users\/1"}],"replies":[{"embeddable":true,"href":"https:\/\/www.opinometre.com\/es\/wp-json\/wp\/v2\/comments?post=6814"}],"version-history":[{"count":1,"href":"https:\/\/www.opinometre.com\/es\/wp-json\/wp\/v2\/pages\/6814\/revisions"}],"predecessor-version":[{"id":6815,"href":"https:\/\/www.opinometre.com\/es\/wp-json\/wp\/v2\/pages\/6814\/revisions\/6815"}],"up":[{"embeddable":true,"href":"https:\/\/www.opinometre.com\/es\/wp-json\/wp\/v2\/pages\/4680"}],"wp:attachment":[{"href":"https:\/\/www.opinometre.com\/es\/wp-json\/wp\/v2\/media?parent=6814"}],"curies":[{"name":"wp","href":"https:\/\/api.w.org\/{rel}","templated":true}]}}