{"id":6551,"date":"2019-04-02T12:16:56","date_gmt":"2019-04-02T11:16:56","guid":{"rendered":"https:\/\/www.opinometre.com\/referencias\/administracions-i-organismes-publics\/"},"modified":"2019-04-02T12:21:44","modified_gmt":"2019-04-02T11:21:44","slug":"administraciones-y-organismos-publicos","status":"publish","type":"page","link":"https:\/\/www.opinometre.com\/es\/referencias\/administraciones-y-organismos-publicos\/","title":{"rendered":"Administraciones y Organismos P\u00fablicos"},"content":{"rendered":"<section  class='av_textblock_section av-jtzotk3q-51a94ab88e45730d6288e4ff0c5e326d '   itemscope=\"itemscope\" itemtype=\"https:\/\/schema.org\/CreativeWork\" ><div class='avia_textblock'  itemprop=\"text\" ><div style=\"width=100%;background-color: #e1e1e1; padding: 10px 5px 10px 5px; font-size: +2em;\"><strong>Administracions i Organismes P\u00fablics<\/strong><\/div>\n<p>Agencia de Salud P\u00fablica &#8211; Consorci Sanitari de Barcelona<br \/>\nAgencia Estatal de Evaluaci\u00f3n de las Pol\u00edticas P\u00fablicas<br \/>\nAjuntament d&#8217;Eivissa<br \/>\nAjuntament d&#8217;Alella<br \/>\nAjuntament d&#8217;Arenys de Mar<br \/>\nAjuntament d&#8217;Arenys de Munt<br \/>\nAjuntament de Badalona<br \/>\nAjuntament de Banyoles<br \/>\nAjuntament de Barcelona<br \/>\nAjuntament de Calafell<br \/>\nAjuntament de Calvi\u00e0<br \/>\nAjuntament de Castellar del Vall\u00e8s<br \/>\nAjuntament de Cervell\u00f3<br \/>\nAjuntament de Corbins<br \/>\nAjuntament de Figueres<br \/>\nAjuntament de les Borges Blanques<br \/>\nAjuntament de L&#8217;Hospitalet de Llobregat<br \/>\nAjuntament de Llinars del Vall\u00e8s<br \/>\nAjuntament de Manresa<br \/>\nAjuntament de Matadepera<br \/>\nAjuntament de Palma<br \/>\nAjuntament de Rub\u00ed<br \/>\nAjuntament de Sabadell<br \/>\nAjuntament de Sallent<br \/>\nAjuntament de Sant Cugat<br \/>\nAjuntament de Santa Eul\u00e0lia de Ron\u00e7anes<br \/>\nAjuntament de Sitges<br \/>\nAjuntament de Terrassa<br \/>\nAjuntament de Tordera<br \/>\nAjuntament de Tossa de Mar<br \/>\nAjuntament de Vallirana<br \/>\nAjuntament de Viladecans<br \/>\nAjuntament d&#8217;Oliva<br \/>\nAjuntament Sant Pol de Mar<br \/>\nAjuntament Vit\u00f2ria<br \/>\n\u00c0rea Metropolitana de Barcelona<br \/>\nAssociaci\u00f3 de Municipis per la Mobilitat i el Transport Urb\u00e0 (AMTU)<br \/>\nAutoritat del Transport Metropolit\u00e0 (ATM)<br \/>\nAyuntamiento de Cuenca<br \/>\nAyuntamiento de Madrid<br \/>\nBarcelona Activa SAU SPM<br \/>\nBarcelona de Serveis Municipals, S.A. (BSM)<br \/>\nC\u00e1mara de Comercio, Industria, Servicios y Navegaci\u00f3n de Espa\u00f1a (CCE)<br \/>\nCentre d&#8217;Estudis d&#8217;Opini\u00f3 (CEO)<br \/>\nCentre d&#8217;Estudis i Recerca Sindical (CERES)<br \/>\nCentre d&#8217;Iniciatives per a la Reinseci\u00f3 (CIRE) &#8211; (Departament de Justicia)<br \/>\nCentre Tecnol\u00f2gic Forestal Catalunya<br \/>\nCentro inform\u00e1tico de Estad\u00edsticas y Sondeos, S.A. (CIES)<br \/>\nCol\u00b7legi Oficial de Psicologia de Catalunya<br \/>\nComissi\u00f3 de Ports -Generalitat de Catalunya<br \/>\nConsejer\u00eda de Tursimo y Cultura de Murcia<br \/>\nConsell General de la Vall d\u2019Aran<br \/>\nConsell Insular d&#8217;Eivissa<br \/>\nConsorci de Transports de Mallorca<br \/>\nConsorci Parc Collserola<br \/>\nConsorci per a la Formaci\u00f3 Cont\u00ednua de Catalunya<br \/>\nConsorci Sanitari de Barcelona<br \/>\nDepartament de Cultura (Generalitat de Catalunya)<br \/>\nDepartament de Filologia Catalana i Ling\u00fc\u00edstica General de la UIB<br \/>\nDepartament de la Presid\u00e8ncia (Generalitat de Catalunya)<br \/>\nDepartament de Pol\u00edtica Territorial i Obres P\u00fabliques (Generalitat de Catalunya)<br \/>\nDepartament de Salut (Generalitat de Catalunya)<br \/>\nDepartament de Treball (Generalitat de Catalunya)<br \/>\nDepartament d&#8217;Educaci\u00f3 (Generalitat de Catalunya)<br \/>\nDepartament d&#8217;Interior (Generalitat de Catalunya)<br \/>\nDiputaci\u00f3 de Barcelona<br \/>\nDiputaci\u00f3 de Girona<br \/>\nDiputaci\u00f3n Provincial de Alicante<br \/>\nDirecci\u00f3 General d&#8217;Atenci\u00f3 a la Inf\u00e0ncia i l&#8217;Adolesc\u00e8ncia (DGAIA)<br \/>\nDirecci\u00f3 General de Pol\u00edtica Ling\u00fc\u00edstica (Generalitat de Catalunya)<br \/>\nEGARVIA, SA<br \/>\nEmpresa Municipal del Transporte (EMT)<br \/>\nEntitat Aut\u00f2noma de Difusi\u00f3 Cultural<br \/>\nFederaci\u00f3 Empresarial Catalana d&#8217;Autotransports de Viatgers<br \/>\nFerrocarrils de la Generalitat de Catalunya<br \/>\nFoment de ciutat, SA<br \/>\nGeneralitat de Catalunya<br \/>\nGesti\u00f3 Sanitaria de Mallorca (GESMA)<br \/>\nGovern de les Illes Balears<br \/>\nGremi de Restauraci\u00f3 de Barcelona<br \/>\nInstitut Cartogr\u00e0fic i Geol\u00f2gic de Catalunya<br \/>\nInstitut Catal\u00e0 de Finances<br \/>\nInstitut Catal\u00e0 d&#8217;Energia<br \/>\nInstitut d&#8217;Estad\u00edsitca de Catalunya (IDESCAT)<br \/>\nInstitut Metropolit\u00e0 del Taxi<br \/>\nInstitut Municipal d&#8217;Hisenda de Barcelona<br \/>\nInstituto de estudios Sociales Avanzados &#8211; CSIC<br \/>\nInstituto Espa\u00f1ol de Comercio Exterior<br \/>\nInstituto Municipal de Promoci\u00f3n Empresarial i Empleo<br \/>\nPatronat de Promoci\u00f3 Econ\u00f2mica<br \/>\nPatronat Municipal de l&#8217;Habitatge de Barcelona<br \/>\nSecretaria de Turismo de Mexico<br \/>\nSEM, SA &#8211; CatSalut<br \/>\nServei Catal\u00e0 de Tr\u00e0nsit<br \/>\nServeis Ferroviaris de Mallorca<br \/>\nServicio P\u00fablico de Empleo Estatal (SEPE)<br \/>\nTeatre Nacional de Catalunya (TNC)<br \/>\nTramvia Metropolit\u00e0, S.A.<br \/>\nTurisme de Catalunya<\/p>\n<\/div><\/section>\n","protected":false},"excerpt":{"rendered":"","protected":false},"author":1,"featured_media":0,"parent":6543,"menu_order":0,"comment_status":"closed","ping_status":"closed","template":"","meta":{"footnotes":""},"class_list":["post-6551","page","type-page","status-publish","hentry"],"_links":{"self":[{"href":"https:\/\/www.opinometre.com\/es\/wp-json\/wp\/v2\/pages\/6551","targetHints":{"allow":["GET"]}}],"collection":[{"href":"https:\/\/www.opinometre.com\/es\/wp-json\/wp\/v2\/pages"}],"about":[{"href":"https:\/\/www.opinometre.com\/es\/wp-json\/wp\/v2\/types\/page"}],"author":[{"embeddable":true,"href":"https:\/\/www.opinometre.com\/es\/wp-json\/wp\/v2\/users\/1"}],"replies":[{"embeddable":true,"href":"https:\/\/www.opinometre.com\/es\/wp-json\/wp\/v2\/comments?post=6551"}],"version-history":[{"count":2,"href":"https:\/\/www.opinometre.com\/es\/wp-json\/wp\/v2\/pages\/6551\/revisions"}],"predecessor-version":[{"id":6554,"href":"https:\/\/www.opinometre.com\/es\/wp-json\/wp\/v2\/pages\/6551\/revisions\/6554"}],"up":[{"embeddable":true,"href":"https:\/\/www.opinometre.com\/es\/wp-json\/wp\/v2\/pages\/6543"}],"wp:attachment":[{"href":"https:\/\/www.opinometre.com\/es\/wp-json\/wp\/v2\/media?parent=6551"}],"curies":[{"name":"wp","href":"https:\/\/api.w.org\/{rel}","templated":true}]}}