{"id":4972,"date":"2019-03-12T12:06:10","date_gmt":"2019-03-12T11:06:10","guid":{"rendered":"https:\/\/www.opinometre.com\/servicios\/processos-de-participacio\/"},"modified":"2019-03-18T15:46:08","modified_gmt":"2019-03-18T14:46:08","slug":"procesos-de-participacion","status":"publish","type":"page","link":"https:\/\/www.opinometre.com\/es\/servicios\/procesos-de-participacion\/","title":{"rendered":"Procesos de participaci\u00f3n"},"content":{"rendered":"<section  class='av_textblock_section av-jt5o64ww-8e3db85eecb52fc97c124894e718dbd4 '   itemscope=\"itemscope\" itemtype=\"https:\/\/schema.org\/CreativeWork\" ><div class='avia_textblock'  itemprop=\"text\" ><div style=\"width=100%;background-color: #e1e1e1; padding: 10px 5px 10px 5px; font-size: +2em;\"><strong>PROCESSOS DE PARTICIPACI\u00d3<\/strong><\/div>\n<p>Creaci\u00f3 d\u2019un canal de comunicaci\u00f3 per promoure el debat i el contrast d\u2019arguments entre la ciutadania i els responsables municipals<\/p>\n<p>La nova concepci\u00f3 pol\u00edtica de participaci\u00f3 i proximitat permet millorar la comunicaci\u00f3 amb la ciutadania i obtenir un <em>feedback <\/em>que permet con\u00e8ixer de prop opinions que poden ser inaccessibles. En aquest camp, l&#8217;Institut Opin\u00f2metre aporta la seva experi\u00e8ncia en la definici\u00f3 i acompanyament de les diferents fases dels processos de participaci\u00f3: <strong>planificaci\u00f3, execuci\u00f3 i avaluaci\u00f3.<\/strong><\/p>\n<\/div><\/section>\n","protected":false},"excerpt":{"rendered":"","protected":false},"author":1,"featured_media":0,"parent":4680,"menu_order":0,"comment_status":"closed","ping_status":"closed","template":"","meta":{"footnotes":""},"class_list":["post-4972","page","type-page","status-publish","hentry"],"_links":{"self":[{"href":"https:\/\/www.opinometre.com\/es\/wp-json\/wp\/v2\/pages\/4972","targetHints":{"allow":["GET"]}}],"collection":[{"href":"https:\/\/www.opinometre.com\/es\/wp-json\/wp\/v2\/pages"}],"about":[{"href":"https:\/\/www.opinometre.com\/es\/wp-json\/wp\/v2\/types\/page"}],"author":[{"embeddable":true,"href":"https:\/\/www.opinometre.com\/es\/wp-json\/wp\/v2\/users\/1"}],"replies":[{"embeddable":true,"href":"https:\/\/www.opinometre.com\/es\/wp-json\/wp\/v2\/comments?post=4972"}],"version-history":[{"count":1,"href":"https:\/\/www.opinometre.com\/es\/wp-json\/wp\/v2\/pages\/4972\/revisions"}],"predecessor-version":[{"id":4979,"href":"https:\/\/www.opinometre.com\/es\/wp-json\/wp\/v2\/pages\/4972\/revisions\/4979"}],"up":[{"embeddable":true,"href":"https:\/\/www.opinometre.com\/es\/wp-json\/wp\/v2\/pages\/4680"}],"wp:attachment":[{"href":"https:\/\/www.opinometre.com\/es\/wp-json\/wp\/v2\/media?parent=4972"}],"curies":[{"name":"wp","href":"https:\/\/api.w.org\/{rel}","templated":true}]}}