{"id":4952,"date":"2019-03-12T11:21:38","date_gmt":"2019-03-12T10:21:38","guid":{"rendered":"https:\/\/www.opinometre.com\/servicios\/estudis-de-satisfaccio\/"},"modified":"2019-03-18T15:43:46","modified_gmt":"2019-03-18T14:43:46","slug":"estudios-de-satisfaccion","status":"publish","type":"page","link":"https:\/\/www.opinometre.com\/es\/servicios\/estudios-de-satisfaccion\/","title":{"rendered":"Estudios de satisfacci\u00f3n"},"content":{"rendered":"<section  class='av_textblock_section av-jt5ml54g-4ab9d99ce7136de302535faeafc0bd2a '   itemscope=\"itemscope\" itemtype=\"https:\/\/schema.org\/CreativeWork\" ><div class='avia_textblock'  itemprop=\"text\" ><div style=\"width=100%;background-color: #e1e1e1; padding: 10px 5px 10px 5px; font-size: +2em;\"><strong>ESTUDIS DE SATISFACCI\u00d3<\/strong><\/div>\n<p>Fem estudis de satisfacci\u00f3 i avaluaci\u00f3 de la qualitat d\u2019un producte o servei des d\u2019una perspectiva integral: gesti\u00f3 global de qualitat i millora continuada. L\u2019objectiu principal dels estudis de satisfacci\u00f3 \u00e9s con\u00e8ixer els factors de fidelitzaci\u00f3 dels clients actuals i de captaci\u00f3 de clients potencials.<\/p>\n<ul>\n<li>Coneixement de la qualitat del servei percebuda pels clients.<\/li>\n<li>Determinaci\u00f3 dels atributs que els clients consideren importants.<\/li>\n<li>Detecci\u00f3 dels punts forts i els punts a millorar del servei o organitzaci\u00f3.<\/li>\n<\/ul>\n<\/div><\/section>\n","protected":false},"excerpt":{"rendered":"","protected":false},"author":1,"featured_media":0,"parent":4680,"menu_order":0,"comment_status":"closed","ping_status":"closed","template":"","meta":{"footnotes":""},"class_list":["post-4952","page","type-page","status-publish","hentry"],"_links":{"self":[{"href":"https:\/\/www.opinometre.com\/es\/wp-json\/wp\/v2\/pages\/4952","targetHints":{"allow":["GET"]}}],"collection":[{"href":"https:\/\/www.opinometre.com\/es\/wp-json\/wp\/v2\/pages"}],"about":[{"href":"https:\/\/www.opinometre.com\/es\/wp-json\/wp\/v2\/types\/page"}],"author":[{"embeddable":true,"href":"https:\/\/www.opinometre.com\/es\/wp-json\/wp\/v2\/users\/1"}],"replies":[{"embeddable":true,"href":"https:\/\/www.opinometre.com\/es\/wp-json\/wp\/v2\/comments?post=4952"}],"version-history":[{"count":2,"href":"https:\/\/www.opinometre.com\/es\/wp-json\/wp\/v2\/pages\/4952\/revisions"}],"predecessor-version":[{"id":4963,"href":"https:\/\/www.opinometre.com\/es\/wp-json\/wp\/v2\/pages\/4952\/revisions\/4963"}],"up":[{"embeddable":true,"href":"https:\/\/www.opinometre.com\/es\/wp-json\/wp\/v2\/pages\/4680"}],"wp:attachment":[{"href":"https:\/\/www.opinometre.com\/es\/wp-json\/wp\/v2\/media?parent=4952"}],"curies":[{"name":"wp","href":"https:\/\/api.w.org\/{rel}","templated":true}]}}