{"id":4928,"date":"2019-03-12T10:49:04","date_gmt":"2019-03-12T09:49:04","guid":{"rendered":"https:\/\/www.opinometre.com\/servicios\/estudis-de-turisme\/"},"modified":"2019-03-18T15:26:51","modified_gmt":"2019-03-18T14:26:51","slug":"estudios-de-turismo","status":"publish","type":"page","link":"https:\/\/www.opinometre.com\/es\/servicios\/estudios-de-turismo\/","title":{"rendered":"Estudios de turismo"},"content":{"rendered":"<section  class='av_textblock_section av-jt5lfitr-bfbb3077926dab762cdee851cfc3f39e '   itemscope=\"itemscope\" itemtype=\"https:\/\/schema.org\/CreativeWork\" ><div class='avia_textblock'  itemprop=\"text\" ><div style=\"width=100%;background-color: #e1e1e1; padding: 10px 5px 10px 5px; font-size: +2em;\"><strong>ESTUDIS DE TURISME<\/strong><\/div>\n<div>\n<p>Els estudis en mat\u00e8ria de turisme es conceben per portar a terme el seguiment de l\u2019activitat tur\u00edstica i potenciar la gesti\u00f3 intel\u00b7ligent amb la finalitat de dotar el sector tur\u00edstic d\u2019anticipaci\u00f3 i reacci\u00f3 davant els canvis de l\u2019entorn, oferir major probabilitat d\u2019\u00e8xit en la implementaci\u00f3 de l\u2019estrat\u00e8gia, identificar oportunitats i facilitar canvis de cultura corporativa.<\/p>\n<p>Els principals estudis realitzats en aquest \u00e0mbit s\u00f3n:<\/p>\n<ul>\n<li>Enquesta de la percepci\u00f3 del Turisme a Barcelona (2016, 2017 i 2018). Barcelona Activa SAU<\/li>\n<li>Enquestes online\u00a0a persones que hagin viatjat per oci, i enquestes en profunditat a directius ACAVE i Amadeus (2017). Fundaci\u00f3 Bosch i Gimpera<\/li>\n<li>Enquestes a turistes estrangers a Mallorca, Menorca, Eivissa i Formentera pel Pla Sectorial Director de Mobilitat de les Illes Balears (2017). Govern de les Illes Balears- DOYMO<\/li>\n<li>Una diagnosis para la viabilidad y mejora de la plataforma Intelitur (2016-17).Camara de Comercio de Espa\u00f1a (CCE)<\/li>\n<li>Estudi sobre el perfil dels turistes i visitants a diferents nuclis de Calvi\u00e0 (2016, 2017 i 2018).Ajuntament de Calvi\u00e0<\/li>\n<li>Realitzaci\u00f3 d\u2019estudi basat en la t\u00e8cnica del Client Misteri\u00f3s visitants del Park G\u00fcell (2016).Barcelona de Serveis Municipals, S.A. (B:SM)<\/li>\n<\/ul>\n<\/div>\n<\/div><\/section>\n","protected":false},"excerpt":{"rendered":"","protected":false},"author":1,"featured_media":0,"parent":4680,"menu_order":0,"comment_status":"closed","ping_status":"closed","template":"","meta":{"footnotes":""},"class_list":["post-4928","page","type-page","status-publish","hentry"],"_links":{"self":[{"href":"https:\/\/www.opinometre.com\/es\/wp-json\/wp\/v2\/pages\/4928","targetHints":{"allow":["GET"]}}],"collection":[{"href":"https:\/\/www.opinometre.com\/es\/wp-json\/wp\/v2\/pages"}],"about":[{"href":"https:\/\/www.opinometre.com\/es\/wp-json\/wp\/v2\/types\/page"}],"author":[{"embeddable":true,"href":"https:\/\/www.opinometre.com\/es\/wp-json\/wp\/v2\/users\/1"}],"replies":[{"embeddable":true,"href":"https:\/\/www.opinometre.com\/es\/wp-json\/wp\/v2\/comments?post=4928"}],"version-history":[{"count":1,"href":"https:\/\/www.opinometre.com\/es\/wp-json\/wp\/v2\/pages\/4928\/revisions"}],"predecessor-version":[{"id":4929,"href":"https:\/\/www.opinometre.com\/es\/wp-json\/wp\/v2\/pages\/4928\/revisions\/4929"}],"up":[{"embeddable":true,"href":"https:\/\/www.opinometre.com\/es\/wp-json\/wp\/v2\/pages\/4680"}],"wp:attachment":[{"href":"https:\/\/www.opinometre.com\/es\/wp-json\/wp\/v2\/media?parent=4928"}],"curies":[{"name":"wp","href":"https:\/\/api.w.org\/{rel}","templated":true}]}}