{"id":4888,"date":"2019-03-08T16:37:42","date_gmt":"2019-03-08T15:37:42","guid":{"rendered":"https:\/\/www.opinometre.com\/quienes-somos\/treballa-amb-nosaltres\/"},"modified":"2019-03-08T17:18:43","modified_gmt":"2019-03-08T16:18:43","slug":"trabaja-con-nosotros","status":"publish","type":"page","link":"https:\/\/www.opinometre.com\/es\/quienes-somos\/trabaja-con-nosotros\/","title":{"rendered":"Trabaja con nosotros"},"content":{"rendered":"<section  class='av_textblock_section av-jt084hyd-030dbfe7ec5d622852e98e1443ce7f1d '   itemscope=\"itemscope\" itemtype=\"https:\/\/schema.org\/CreativeWork\" ><div class='avia_textblock'  itemprop=\"text\" ><div style=\"width=100%;background-color: #e1e1e1; padding: 10px 5px 10px 5px; font-size: +2em;\"><strong>TREBALLA AMB NOSALTRES:<\/strong><\/div>\n\n<div class=\"wpcf7 no-js\" id=\"wpcf7-f4882-o1\" lang=\"ca\" dir=\"ltr\" data-wpcf7-id=\"4882\">\n<div class=\"screen-reader-response\"><p role=\"status\" aria-live=\"polite\" aria-atomic=\"true\"><\/p> <ul><\/ul><\/div>\n<form action=\"\/es\/wp-json\/wp\/v2\/pages\/4888#wpcf7-f4882-o1\" method=\"post\" class=\"wpcf7-form init wpcf7-acceptance-as-validation\" aria-label=\"Formulari de contacte\" enctype=\"multipart\/form-data\" novalidate=\"novalidate\" data-status=\"init\">\n<fieldset class=\"hidden-fields-container\"><input type=\"hidden\" name=\"_wpcf7\" value=\"4882\" \/><input type=\"hidden\" name=\"_wpcf7_version\" value=\"6.1.5\" \/><input type=\"hidden\" name=\"_wpcf7_locale\" value=\"ca\" \/><input type=\"hidden\" name=\"_wpcf7_unit_tag\" value=\"wpcf7-f4882-o1\" \/><input type=\"hidden\" name=\"_wpcf7_container_post\" value=\"0\" \/><input type=\"hidden\" name=\"_wpcf7_posted_data_hash\" value=\"\" \/><input type=\"hidden\" name=\"_wpcf7_recaptcha_response\" value=\"\" \/>\n<\/fieldset>\n<div class=\"form-left\">\n\t<p>El teu nom *\n\t<\/p>\n\t<p><span class=\"wpcf7-form-control-wrap\" data-name=\"your-name\"><input size=\"40\" maxlength=\"400\" class=\"wpcf7-form-control wpcf7-text wpcf7-validates-as-required\" aria-required=\"true\" aria-invalid=\"false\" value=\"\" type=\"text\" name=\"your-name\" \/><\/span>\n\t<\/p>\n\t<p>El teu email *\n\t<\/p>\n\t<p><span class=\"wpcf7-form-control-wrap\" data-name=\"your-email\"><input size=\"40\" maxlength=\"400\" class=\"wpcf7-form-control wpcf7-email wpcf7-validates-as-required wpcf7-text wpcf7-validates-as-email\" aria-required=\"true\" aria-invalid=\"false\" value=\"\" type=\"email\" name=\"your-email\" \/><\/span>\n\t<\/p>\n\t<p>El teu tel\u00e8fon\n\t<\/p>\n\t<p><span class=\"wpcf7-form-control-wrap\" data-name=\"tel-596\"><input size=\"40\" maxlength=\"400\" class=\"wpcf7-form-control wpcf7-tel wpcf7-text wpcf7-validates-as-tel\" aria-invalid=\"false\" value=\"\" type=\"tel\" name=\"tel-596\" \/><\/span>\n\t<\/p>\n\t<p>Assumpte\n\t<\/p>\n\t<p><span class=\"wpcf7-form-control-wrap\" data-name=\"your-subject\"><input size=\"40\" maxlength=\"400\" class=\"wpcf7-form-control wpcf7-text\" aria-invalid=\"false\" value=\"\" type=\"text\" name=\"your-subject\" \/><\/span>\n\t<\/p>\n\t<p>Adjunta el teu C.V.\n\t<\/p>\n\t<p><span class=\"wpcf7-form-control-wrap\" data-name=\"file-196\"><input size=\"40\" class=\"wpcf7-form-control wpcf7-file\" accept=\"image\/*,.txt,application\/pdf\" aria-invalid=\"false\" type=\"file\" name=\"file-196\" \/><\/span>\n\t<\/p>\n<\/div>\n<div class=\"form-right\">\n\t<p>El teu missatge\n\t<\/p>\n\t<p><span class=\"wpcf7-form-control-wrap\" data-name=\"your-message\"><textarea cols=\"40\" rows=\"4\" maxlength=\"2000\" class=\"wpcf7-form-control wpcf7-textarea\" aria-invalid=\"false\" name=\"your-message\"><\/textarea><\/span>\n\t<\/p>\n<\/div>\n<div>\n\t<div  class=\"form-left\"\">\n\t\t<p><span style=\"font-size:10px;\"><b>RESPONSABLE TRACTAMENT: OPINOMETRE, S.L.<\/b><br \/>\n<b>FINALITAT:<\/b> Fer part\u00edcip l'interessat en els processos de selecci\u00f3 de personal oberts actualment o per a futurs processos en el qual el candidat pugui encaixar, no podent ser utilitzats per a altres finalitats.<br \/>\n<b>LEGITIMACI\u00d3:<\/b> Consentiment de l'interessat.<br \/>\n<b>DRETS:<\/b> Acc\u00e9s, rectificaci\u00f3, supressi\u00f3, oposici\u00f3, limitaci\u00f3, portabilitat, revocaci\u00f3 del consentiment al correu dpd@opinometre.com o mitjan\u00e7ant el procediment establert en la nostra pol\u00edtica de privacitat de la web. Si considera que el tractament de les seves dades no s'ajusta a la normativa, pot acudir a l'Autoritat de Control (<a href=\"https:\/\/www.aepd.es\" target=\"_blank\">www.aepd.es<\/a>).<br \/>\n<b>INFORMACI\u00d3 ADDICIONAL:<\/b> m\u00e9s informaci\u00f3 a la nostra <a href='\/condicions-dus-i-politica-de-privacitat\/' target='_blank'>pol\u00edtica de privacitat<\/a>.<\/span><br \/>\n<span class=\"wpcf7-form-control-wrap\" data-name=\"accept-this\"><span class=\"wpcf7-form-control wpcf7-checkbox wpcf7-validates-as-required\"><span class=\"wpcf7-list-item first last\"><input type=\"checkbox\" name=\"accept-this[]\" value=\"*\" \/><span class=\"wpcf7-list-item-label\">*<\/span><\/span><\/span><\/span> Accepto que es tractin les meves dades per participar dels processos de selecci\u00f3.<br \/>\n<span class=\"wpcf7-form-control-wrap\" data-name=\"info-comercial\"><span class=\"wpcf7-form-control wpcf7-checkbox\"><span class=\"wpcf7-list-item first last\"><input type=\"checkbox\" name=\"info-comercial[]\" value=\"Autoritzo a Opin\u00f2metre S.L. a enviar-me informaci\u00f3 comercial i\/o informaci\u00f3 dels seus productes i serveis.\" \/><span class=\"wpcf7-list-item-label\">Autoritzo a Opin\u00f2metre S.L. a enviar-me informaci\u00f3 comercial i\/o informaci\u00f3 dels seus productes i serveis.<\/span><\/span><\/span><\/span><br \/>\n\t\t\n\t\t<\/p>\n\t<\/div>\n\t<div>\n\t\t<div style=\"float:left;\">\n\t\t\n\t\t<\/div>\n\t\t<div style=\"overflow: hidden\">\n\t\t\t<div style=\"margin-left:20px;\">\n\t\t\t\t<p><input class=\"wpcf7-form-control wpcf7-submit has-spinner\" type=\"submit\" value=\"Enviar\" \/>\n\t\t\t\t<\/p>\n\t\t\t<\/div>\n\t\t<\/div>\n\t<\/div>\n<\/div><div class=\"wpcf7-response-output\" aria-hidden=\"true\"><\/div>\n<\/form>\n<\/div>\n\n<\/div><\/section>\n","protected":false},"excerpt":{"rendered":"","protected":false},"author":1,"featured_media":0,"parent":4837,"menu_order":0,"comment_status":"closed","ping_status":"closed","template":"","meta":{"footnotes":""},"class_list":["post-4888","page","type-page","status-publish","hentry"],"_links":{"self":[{"href":"https:\/\/www.opinometre.com\/es\/wp-json\/wp\/v2\/pages\/4888","targetHints":{"allow":["GET"]}}],"collection":[{"href":"https:\/\/www.opinometre.com\/es\/wp-json\/wp\/v2\/pages"}],"about":[{"href":"https:\/\/www.opinometre.com\/es\/wp-json\/wp\/v2\/types\/page"}],"author":[{"embeddable":true,"href":"https:\/\/www.opinometre.com\/es\/wp-json\/wp\/v2\/users\/1"}],"replies":[{"embeddable":true,"href":"https:\/\/www.opinometre.com\/es\/wp-json\/wp\/v2\/comments?post=4888"}],"version-history":[{"count":2,"href":"https:\/\/www.opinometre.com\/es\/wp-json\/wp\/v2\/pages\/4888\/revisions"}],"predecessor-version":[{"id":4891,"href":"https:\/\/www.opinometre.com\/es\/wp-json\/wp\/v2\/pages\/4888\/revisions\/4891"}],"up":[{"embeddable":true,"href":"https:\/\/www.opinometre.com\/es\/wp-json\/wp\/v2\/pages\/4837"}],"wp:attachment":[{"href":"https:\/\/www.opinometre.com\/es\/wp-json\/wp\/v2\/media?parent=4888"}],"curies":[{"name":"wp","href":"https:\/\/api.w.org\/{rel}","templated":true}]}}