{"id":4874,"date":"2019-03-08T16:18:48","date_gmt":"2019-03-08T15:18:48","guid":{"rendered":"https:\/\/www.opinometre.com\/quienes-somos\/rsc\/"},"modified":"2025-10-02T10:53:46","modified_gmt":"2025-10-02T09:53:46","slug":"rsc","status":"publish","type":"page","link":"https:\/\/www.opinometre.com\/es\/quienes-somos\/rsc\/","title":{"rendered":"RSE"},"content":{"rendered":"<section  class='av_textblock_section av-jt07g0cb-b360634f3b472c38573190b8ded05d7e '   itemscope=\"itemscope\" itemtype=\"https:\/\/schema.org\/CreativeWork\" ><div class='avia_textblock'  itemprop=\"text\" ><div style=\"width=100%;background-color: #e1e1e1; padding: 10px 5px 10px 5px; font-size: +2em;\"><strong>RESPONSABILIDAD SOCIAL EMPRESARIAL (RSE)<\/strong><\/div>\n<p><img loading=\"lazy\" decoding=\"async\" class=\"size-medium wp-image-9281 alignleft\" src=\"https:\/\/www.opinometre.com\/wp-content\/uploads\/2025\/10\/rse-1-300x277.png\" alt=\"\" width=\"300\" height=\"277\" srcset=\"https:\/\/www.opinometre.com\/wp-content\/uploads\/2025\/10\/rse-1-300x277.png 300w, https:\/\/www.opinometre.com\/wp-content\/uploads\/2025\/10\/rse-1.png 341w\" sizes=\"auto, (max-width: 300px) 100vw, 300px\" \/>El Instituto Opin\u00f2metre, fundado en 1992 en Barcelona, ha realizado m\u00e1s de 3.000 estudios para m\u00e1s de 300 clientes. Nuestra empresa combina rigor metodol\u00f3gico, innovaci\u00f3n y compromiso social. Contamos con un equipo de m\u00e1s de 100 profesionales y trabajamos para instituciones p\u00fablicas, empresas y entidades sociales en diferentes \u00e1mbitos de la opini\u00f3n p\u00fablica (movilidad, emprendimiento, estudios de victimizaci\u00f3n, salud, turismo, inclusi\u00f3n digital, etc.).<\/p>\n<p><img loading=\"lazy\" decoding=\"async\" class=\"size-medium wp-image-9287 alignright\" src=\"https:\/\/www.opinometre.com\/wp-content\/uploads\/2025\/10\/rse-4-241x300.jpg\" alt=\"\" width=\"241\" height=\"300\" srcset=\"https:\/\/www.opinometre.com\/wp-content\/uploads\/2025\/10\/rse-4-241x300.jpg 241w, https:\/\/www.opinometre.com\/wp-content\/uploads\/2025\/10\/rse-4.jpg 296w\" sizes=\"auto, (max-width: 241px) 100vw, 241px\" \/>Como empresa con prop\u00f3sito, nuestro compromiso con la responsabilidad social empresarial (RSE) se estructura en cinco vectores: buen gobierno, econom\u00eda, equipo humano, comunidad y medio ambiente. Hemos participado en programas como RSE.Pime de Respon.cat y aplicamos c\u00f3digos \u00e9ticos internacionales como el de ICC\/ESOMAR. Opin\u00f2metre apuesta por la transparencia, la sostenibilidad y la innovaci\u00f3n, con proyectos como el \u00edndice de inclusi\u00f3n digital o la herramienta ERMET\u00a9.<\/p>\n<p>La compa\u00f1\u00eda integra diferentes protocolos de igualdad, conciliaci\u00f3n y diversidad, as\u00ed como formaci\u00f3n continua y otras pol\u00edticas con el objetivo de poner a las personas en el centro. Asimismo, establece alianzas con entidades sociales (C\u00e1ritas, PAT-APAT, UNICEF) e impulsa iniciativas de voluntariado y\/o donaciones (IS Global). Tambi\u00e9n aplica medidas ambientales como reciclaje, ahorro energ\u00e9tico y fomento del transporte p\u00fablico entre sus empleados.<\/p>\n<p>Con m\u00e1s de treinta a\u00f1os de historia, el Instituto Opin\u00f2metre estamos comprometidos con la calidad de nuestros servicios para guiar a instituciones y empresas hacia decisiones fundamentadas, justas y sostenibles.<\/p>\n<p><img loading=\"lazy\" decoding=\"async\" class=\"size-medium wp-image-9278 alignleft\" src=\"https:\/\/www.opinometre.com\/wp-content\/uploads\/2025\/10\/rse-2-300x73.png\" alt=\"\" width=\"300\" height=\"73\" srcset=\"https:\/\/www.opinometre.com\/wp-content\/uploads\/2025\/10\/rse-2-300x73.png 300w, https:\/\/www.opinometre.com\/wp-content\/uploads\/2025\/10\/rse-2.png 687w\" sizes=\"auto, (max-width: 300px) 100vw, 300px\" \/><img loading=\"lazy\" decoding=\"async\" class=\"size-medium wp-image-9284 alignright\" src=\"https:\/\/www.opinometre.com\/wp-content\/uploads\/2025\/10\/rse-3-300x64.png\" alt=\"\" width=\"300\" height=\"64\" srcset=\"https:\/\/www.opinometre.com\/wp-content\/uploads\/2025\/10\/rse-3-300x64.png 300w, https:\/\/www.opinometre.com\/wp-content\/uploads\/2025\/10\/rse-3.png 340w\" sizes=\"auto, (max-width: 300px) 100vw, 300px\" \/><\/p>\n<\/div><\/section>\n","protected":false},"excerpt":{"rendered":"","protected":false},"author":1,"featured_media":9281,"parent":4837,"menu_order":0,"comment_status":"closed","ping_status":"closed","template":"","meta":{"footnotes":""},"class_list":["post-4874","page","type-page","status-publish","has-post-thumbnail","hentry"],"_links":{"self":[{"href":"https:\/\/www.opinometre.com\/es\/wp-json\/wp\/v2\/pages\/4874","targetHints":{"allow":["GET"]}}],"collection":[{"href":"https:\/\/www.opinometre.com\/es\/wp-json\/wp\/v2\/pages"}],"about":[{"href":"https:\/\/www.opinometre.com\/es\/wp-json\/wp\/v2\/types\/page"}],"author":[{"embeddable":true,"href":"https:\/\/www.opinometre.com\/es\/wp-json\/wp\/v2\/users\/1"}],"replies":[{"embeddable":true,"href":"https:\/\/www.opinometre.com\/es\/wp-json\/wp\/v2\/comments?post=4874"}],"version-history":[{"count":3,"href":"https:\/\/www.opinometre.com\/es\/wp-json\/wp\/v2\/pages\/4874\/revisions"}],"predecessor-version":[{"id":9291,"href":"https:\/\/www.opinometre.com\/es\/wp-json\/wp\/v2\/pages\/4874\/revisions\/9291"}],"up":[{"embeddable":true,"href":"https:\/\/www.opinometre.com\/es\/wp-json\/wp\/v2\/pages\/4837"}],"wp:featuredmedia":[{"embeddable":true,"href":"https:\/\/www.opinometre.com\/es\/wp-json\/wp\/v2\/media\/9281"}],"wp:attachment":[{"href":"https:\/\/www.opinometre.com\/es\/wp-json\/wp\/v2\/media?parent=4874"}],"curies":[{"name":"wp","href":"https:\/\/api.w.org\/{rel}","templated":true}]}}