{"id":4680,"date":"2019-03-05T16:12:01","date_gmt":"2019-03-05T15:12:01","guid":{"rendered":"https:\/\/www.opinometre.com\/serveis\/"},"modified":"2019-03-15T14:10:21","modified_gmt":"2019-03-15T13:10:21","slug":"servicios","status":"publish","type":"page","link":"https:\/\/www.opinometre.com\/es\/servicios\/","title":{"rendered":"Servicios"},"content":{"rendered":"\n<style type=\"text\/css\" data-created_by=\"avia_inline_auto\" id=\"style-css-av-av_one_full-25347b0a799d5b9f7058434b2a9c3182\">\n.flex_column.av-av_one_full-25347b0a799d5b9f7058434b2a9c3182{\nborder-radius:0px 0px 0px 0px;\npadding:0px 0px 0px 0px;\n}\n<\/style>\n<div  class='flex_column av-av_one_full-25347b0a799d5b9f7058434b2a9c3182 av_one_full  avia-builder-el-0  el_before_av_textblock  avia-builder-el-first  first flex_column_div av-zero-column-padding  '     ><section  class='av_textblock_section av-jswz6kga-bcdd355a621011b24ed8aaa6cb75ad08 '   itemscope=\"itemscope\" itemtype=\"https:\/\/schema.org\/CreativeWork\" ><div class='avia_textblock'  itemprop=\"text\" ><p>L\u2019<strong>Institut Opin\u00f2metre<\/strong> ofereix serveis per a la investigaci\u00f3 de mercats, opini\u00f3 p\u00fablica i consultoria de qualitat des de l\u2019any 1992.<\/p>\n<p>La missi\u00f3 de l\u2019<strong>Institut Opin\u00f2metre<\/strong> \u00e9s crear i facilitar plataformes de generaci\u00f3 d\u2019informaci\u00f3 de qualitat, mitjan\u00e7ant l\u2019\u00fas de les tecnologies m\u00e9s avan\u00e7ades.<\/p>\n<p>Aquests 25 anys d\u2019experi\u00e8ncia ens aporten la capacitat de lideratge en el camp dels estudis de mercat i opini\u00f3 i de la investigaci\u00f3 en els sectors del transport, la sanitat, el turisme, l\u2019emprenedoria, el comer\u00e7 urb\u00e0 i l\u2019\u00e0mbit electoral, entre d\u2019altres.<\/p>\n<\/div><\/section><\/div>\n","protected":false},"excerpt":{"rendered":"","protected":false},"author":1,"featured_media":0,"parent":0,"menu_order":0,"comment_status":"closed","ping_status":"closed","template":"","meta":{"footnotes":""},"class_list":["post-4680","page","type-page","status-publish","hentry"],"_links":{"self":[{"href":"https:\/\/www.opinometre.com\/es\/wp-json\/wp\/v2\/pages\/4680","targetHints":{"allow":["GET"]}}],"collection":[{"href":"https:\/\/www.opinometre.com\/es\/wp-json\/wp\/v2\/pages"}],"about":[{"href":"https:\/\/www.opinometre.com\/es\/wp-json\/wp\/v2\/types\/page"}],"author":[{"embeddable":true,"href":"https:\/\/www.opinometre.com\/es\/wp-json\/wp\/v2\/users\/1"}],"replies":[{"embeddable":true,"href":"https:\/\/www.opinometre.com\/es\/wp-json\/wp\/v2\/comments?post=4680"}],"version-history":[{"count":1,"href":"https:\/\/www.opinometre.com\/es\/wp-json\/wp\/v2\/pages\/4680\/revisions"}],"predecessor-version":[{"id":4805,"href":"https:\/\/www.opinometre.com\/es\/wp-json\/wp\/v2\/pages\/4680\/revisions\/4805"}],"wp:attachment":[{"href":"https:\/\/www.opinometre.com\/es\/wp-json\/wp\/v2\/media?parent=4680"}],"curies":[{"name":"wp","href":"https:\/\/api.w.org\/{rel}","templated":true}]}}