{"id":4940,"date":"2019-03-12T11:09:21","date_gmt":"2019-03-12T10:09:21","guid":{"rendered":"https:\/\/www.opinometre.com\/estudis-de-mobilitat\/"},"modified":"2019-03-18T15:41:39","modified_gmt":"2019-03-18T14:41:39","slug":"mobility-studies","status":"publish","type":"page","link":"https:\/\/www.opinometre.com\/en\/services\/mobility-studies\/","title":{"rendered":"Mobility studies"},"content":{"rendered":"<section  class='av_textblock_section av-jt5m57dk-886cdb64a8ee6ee9b5a77efe3b8a42b0 '   itemscope=\"itemscope\" itemtype=\"https:\/\/schema.org\/CreativeWork\" ><div class='avia_textblock'  itemprop=\"text\" ><div style=\"width=100%;background-color: #e1e1e1; padding: 10px 5px 10px 5px; font-size: +2em;\"><strong>ESTUDIS DE MOBILITAT<\/strong><\/div>\n<p>Tenim molta experi\u00e8ncia en la realitzaci\u00f3 <strong>d\u2019enquestes de mobilitat i recollida de dades als serveis de transport p\u00fablics i privats<\/strong>. Els darrers 15 anys hem realitzat m\u00e9s de 200.000 enquestes de mobilitat per a diferents Consorcis de Transports, Ajuntaments, Diputacions, Consultores i Operadors de Transport.<\/p>\n<p>Els tipus d\u2019estudis desenvolupats en aquest \u00e0mbit s\u00f3n:<\/p>\n<ul>\n<li>Estudis de mobilitat quotidiana.<\/li>\n<li>Estudis de congesti\u00f3.<\/li>\n<li>Estudis de prefer\u00e8ncies declarades.<\/li>\n<li>Estudis de satisfacci\u00f3 dels serveis de transport p\u00fablic \u2013 ISC<\/li>\n<\/ul>\n<p>Els principals estudis realitzats en aquest \u00e0mbit s\u00f3n:<\/p>\n<ul>\n<li>Realitzaci\u00f3 de 10.000 enquestes telef\u00f2niques de mobilitat (CATI) a la ciutat de M\u00e1laga, 2018. Plan Especial de Movilidad Urbana Sostenible de M\u00e1laga. DOYMO- Ayuntamiento de M\u00e1laga.<\/li>\n<li>Realitzaci\u00f3 d\u2019enquestes de mobilitat a residents CATI, conductors, rotacions d\u2019aparcaments i aforaments de vehicles a Novo Hamburgo (Brasil). IDON CONSULTORIA, LTDA<strong>.<\/strong><\/li>\n<li>Enquestes de mobilitat (CATI) a residents de la ciutat d\u2019Alzira, 2018. CONSULTRANS,SA.<\/li>\n<li>Realitzaci\u00f3 de 19.000 enquestes CATI i CAPI de mobilitat per el PMOME &#8211; Val\u00e8ncia, 2018. IDOM- Generalitat de Val\u00e8ncia.<\/li>\n<li>Realitzaci\u00f3 de 15.000 enquestes de mobilitat a residents CATI al Principat d&#8217;Ast\u00faries, 2017. DOYMO- Principat d\u2019Ast\u00faries.<\/li>\n<li>Aforaments de viatgers en tots els nuclis de rodalies i regionals a Catalunya, 2016-2018. RENFE Rodalies.<\/li>\n<li>Realitzaci\u00f3 d\u2019enquestes de mobilitat a residents i turistes de Mallorca, Menorca, Eivissa i Formentera, 2017 &#8211; PSDMIB. DOYMO- Govern de les Illes Balears.<\/li>\n<\/ul>\n<\/div><\/section>\n","protected":false},"excerpt":{"rendered":"","protected":false},"author":1,"featured_media":0,"parent":4679,"menu_order":0,"comment_status":"closed","ping_status":"closed","template":"","meta":{"footnotes":""},"class_list":["post-4940","page","type-page","status-publish","hentry"],"_links":{"self":[{"href":"https:\/\/www.opinometre.com\/en\/wp-json\/wp\/v2\/pages\/4940","targetHints":{"allow":["GET"]}}],"collection":[{"href":"https:\/\/www.opinometre.com\/en\/wp-json\/wp\/v2\/pages"}],"about":[{"href":"https:\/\/www.opinometre.com\/en\/wp-json\/wp\/v2\/types\/page"}],"author":[{"embeddable":true,"href":"https:\/\/www.opinometre.com\/en\/wp-json\/wp\/v2\/users\/1"}],"replies":[{"embeddable":true,"href":"https:\/\/www.opinometre.com\/en\/wp-json\/wp\/v2\/comments?post=4940"}],"version-history":[{"count":1,"href":"https:\/\/www.opinometre.com\/en\/wp-json\/wp\/v2\/pages\/4940\/revisions"}],"predecessor-version":[{"id":4944,"href":"https:\/\/www.opinometre.com\/en\/wp-json\/wp\/v2\/pages\/4940\/revisions\/4944"}],"up":[{"embeddable":true,"href":"https:\/\/www.opinometre.com\/en\/wp-json\/wp\/v2\/pages\/4679"}],"wp:attachment":[{"href":"https:\/\/www.opinometre.com\/en\/wp-json\/wp\/v2\/media?parent=4940"}],"curies":[{"name":"wp","href":"https:\/\/api.w.org\/{rel}","templated":true}]}}