{"id":4847,"date":"2019-03-08T16:01:39","date_gmt":"2019-03-08T15:01:39","guid":{"rendered":"https:\/\/www.opinometre.com\/about-us\/equip\/"},"modified":"2019-03-08T16:04:23","modified_gmt":"2019-03-08T15:04:23","slug":"human-resources","status":"publish","type":"page","link":"https:\/\/www.opinometre.com\/en\/about-us\/human-resources\/","title":{"rendered":"Human resources"},"content":{"rendered":"<section  class='av_textblock_section av-jt06u7s8-5605694e1d823f71d5d98766fca3ba08 '   itemscope=\"itemscope\" itemtype=\"https:\/\/schema.org\/CreativeWork\" ><div class='avia_textblock'  itemprop=\"text\" ><div style=\"width=100%;background-color: #e1e1e1; padding: 10px 5px 10px 5px; font-size: +2em;\"><strong>EQUIP<\/strong><\/div>\n<p>L\u2019Institut Opin\u00f2metre est\u00e0 format per un equip comprom\u00e8s i multidisciplinari de primer nivell. Les seves capacitats comprenen: economistes<strong>, <\/strong>psic\u00f2legs i psic\u00f2logues<strong>, <\/strong>soci\u00f2legs i soci\u00f2logues<strong>, <\/strong>estad\u00edstics i estad\u00edstiques<strong>, <\/strong>enginyers i\u00a0 enginyeres i especialistes en emprenedoria.<\/p>\n<p>Tamb\u00e9 compta amb una xarxa de treballadors\/es de camp especialitzats en enquestes telef\u00f2niques i presencials.<\/p>\n<\/div><\/section>\n","protected":false},"excerpt":{"rendered":"","protected":false},"author":1,"featured_media":0,"parent":4836,"menu_order":0,"comment_status":"closed","ping_status":"closed","template":"","meta":{"footnotes":""},"class_list":["post-4847","page","type-page","status-publish","hentry"],"_links":{"self":[{"href":"https:\/\/www.opinometre.com\/en\/wp-json\/wp\/v2\/pages\/4847","targetHints":{"allow":["GET"]}}],"collection":[{"href":"https:\/\/www.opinometre.com\/en\/wp-json\/wp\/v2\/pages"}],"about":[{"href":"https:\/\/www.opinometre.com\/en\/wp-json\/wp\/v2\/types\/page"}],"author":[{"embeddable":true,"href":"https:\/\/www.opinometre.com\/en\/wp-json\/wp\/v2\/users\/1"}],"replies":[{"embeddable":true,"href":"https:\/\/www.opinometre.com\/en\/wp-json\/wp\/v2\/comments?post=4847"}],"version-history":[{"count":3,"href":"https:\/\/www.opinometre.com\/en\/wp-json\/wp\/v2\/pages\/4847\/revisions"}],"predecessor-version":[{"id":6521,"href":"https:\/\/www.opinometre.com\/en\/wp-json\/wp\/v2\/pages\/4847\/revisions\/6521"}],"up":[{"embeddable":true,"href":"https:\/\/www.opinometre.com\/en\/wp-json\/wp\/v2\/pages\/4836"}],"wp:attachment":[{"href":"https:\/\/www.opinometre.com\/en\/wp-json\/wp\/v2\/media?parent=4847"}],"curies":[{"name":"wp","href":"https:\/\/api.w.org\/{rel}","templated":true}]}}