{"id":4683,"date":"2019-03-06T13:13:11","date_gmt":"2019-03-06T12:13:11","guid":{"rendered":"https:\/\/www.opinometre.com\/serveis\/estudis-sobre-la-salut\/"},"modified":"2019-03-18T14:18:49","modified_gmt":"2019-03-18T13:18:49","slug":"health-studies","status":"publish","type":"page","link":"https:\/\/www.opinometre.com\/en\/services\/health-studies\/","title":{"rendered":"Health Studies"},"content":{"rendered":"<section  class='av_textblock_section av-jsx71ly0-e1f110cf5ce2aaea52476e8d04c10b94 '   itemscope=\"itemscope\" itemtype=\"https:\/\/schema.org\/CreativeWork\" ><div class='avia_textblock'  itemprop=\"text\" ><div style=\"width=100%;background-color: #e1e1e1; padding: 10px 5px 10px 5px; font-size: +2em;\"><strong>ESTUDIS SOBRE LA SALUT<\/strong><\/div>\n<p>Estudis de l\u2019\u00e0mbit de la salut: estudis qualitatius i quantitatius relacionats amb el sistema sanitari, els \u00e0mbits m\u00e8dics i de la ind\u00fastria farmac\u00e8utica. L\u2019Institut Opin\u00f2metre realitza:<\/p>\n<p>Els principals estudis destacats en aquest \u00e0mbit s\u00f3n:<\/p>\n<p><strong>Informe Future Health Index (FHI)\u00a0<\/strong>El FHI \u00e9s un indicador de recent creaci\u00f3, en ple desenvolupament metodol\u00f2gic. Opin\u00f2metre ha efectuat una revisi\u00f3 metodol\u00f2gica cr\u00edtica, tant de la construcci\u00f3 de l\u2019indicador com del disseny de la mostra i dels resultats obtinguts.<\/p>\n<p><strong>Philips, 2017<\/strong><\/p>\n<p>Recerca i desenvolupament de coneixement i eines per mesurar l\u2019estat de salut. Institut Opin\u00f2metre va realitzar 500 enquestes personals (CAPI) a una mostra d\u2019individus.<\/p>\n<p><strong>The EuroQol Group. EQ-5D-5L, 2017<\/strong><\/p>\n<p>Realitzaci\u00f3 d\u2019enquestes de qualitat del servei i satisfacci\u00f3 dels usuaris del sistema p\u00fablic de salut (PLAENSA), i la realitzaci\u00f3 d\u2019enquestes per al Bar\u00f2metre Sanitari de Catalunya (CatSalut) amb l\u2019objectiu de con\u00e8ixer les expectatives i valoracions dels ciutadans de Catalunya respecte al servei de salut p\u00fablic i privat.<\/p>\n<p><strong>Servei d\u2019Emerg\u00e8ncies M\u00e8diques (SEM), 2017<\/strong><\/p>\n<p>La sanitat espanyola en xifres. El resultat del projecte \u00e9s un llibre que ofereix una comparativa cr\u00edtica de l\u2019evoluci\u00f3 dels indicadors clau del sistema nacional de salut per CCAA i totals d\u2019Espanya entre dos moments del temps. Elaborat a partir de fonts secund\u00e0ries (INCLASS i INE, fonamentalment) l\u2019estudi revisa m\u00e9s de 100 indicadors.<\/p>\n<p><strong>Cercle de la Sanitat i\u00a0<\/strong><strong>Fundaci\u00f3 Gaspar Casal, 2016-2018<\/strong><\/p>\n<p>Realitzaci\u00f3 del disseny mostral i execuci\u00f3 del treball de camp amb 9.000 entrevistes mitjan\u00e7ant m\u00e8tode CATI de l\u2019estudi de la prevalen\u00e7a de malalties inflamat\u00f2ries (IMID) en la poblaci\u00f3 espanyola<\/p>\n<p><strong>Antares Consulting, 2016<\/strong><\/p>\n<p>Recolzament t\u00e8cnic a partir de t\u00e8cniques qualitatives i quantitatives en diferents Centres d\u2019Atenci\u00f3 Prim\u00e0ria de Barcelona per a l\u2019Estudi d\u2019Avaluaci\u00f3 del Programa: \u201cEstrat\u00e8gia Poblacional per Millorar la utilitzaci\u00f3 dels medicaments, estat de situaci\u00f3 dels coneixements i actituds sobre els medicaments i la ter\u00e0pia farmacol\u00f2gica \u201c<\/p>\n<p><strong>Consorci Sanitari de Barcelona (CSB), 2014<\/strong><\/p>\n<p>4000 enquestes per con\u00e8ixer l\u2019opini\u00f3 i la percepci\u00f3 sobre els seus problemes de salut, estils de vida, activitats preventives i utilitzaci\u00f3 dels serveis sanitaris.<\/p>\n<p><strong>Ag\u00e8ncia de Salut P\u00fablica (ASPB) 2011<\/strong><\/p>\n<\/div><\/section>\n","protected":false},"excerpt":{"rendered":"","protected":false},"author":1,"featured_media":0,"parent":4679,"menu_order":0,"comment_status":"closed","ping_status":"closed","template":"","meta":{"footnotes":""},"class_list":["post-4683","page","type-page","status-publish","hentry"],"_links":{"self":[{"href":"https:\/\/www.opinometre.com\/en\/wp-json\/wp\/v2\/pages\/4683","targetHints":{"allow":["GET"]}}],"collection":[{"href":"https:\/\/www.opinometre.com\/en\/wp-json\/wp\/v2\/pages"}],"about":[{"href":"https:\/\/www.opinometre.com\/en\/wp-json\/wp\/v2\/types\/page"}],"author":[{"embeddable":true,"href":"https:\/\/www.opinometre.com\/en\/wp-json\/wp\/v2\/users\/1"}],"replies":[{"embeddable":true,"href":"https:\/\/www.opinometre.com\/en\/wp-json\/wp\/v2\/comments?post=4683"}],"version-history":[{"count":1,"href":"https:\/\/www.opinometre.com\/en\/wp-json\/wp\/v2\/pages\/4683\/revisions"}],"predecessor-version":[{"id":4825,"href":"https:\/\/www.opinometre.com\/en\/wp-json\/wp\/v2\/pages\/4683\/revisions\/4825"}],"up":[{"embeddable":true,"href":"https:\/\/www.opinometre.com\/en\/wp-json\/wp\/v2\/pages\/4679"}],"wp:attachment":[{"href":"https:\/\/www.opinometre.com\/en\/wp-json\/wp\/v2\/media?parent=4683"}],"curies":[{"name":"wp","href":"https:\/\/api.w.org\/{rel}","templated":true}]}}