{"id":4681,"date":"2019-03-05T16:13:07","date_gmt":"2019-03-05T15:13:07","guid":{"rendered":"https:\/\/www.opinometre.com\/serveis\/enquestes-sociologiques-i-dopinio-publica\/"},"modified":"2019-03-18T14:20:02","modified_gmt":"2019-03-18T13:20:02","slug":"sociological-surveys","status":"publish","type":"page","link":"https:\/\/www.opinometre.com\/en\/services\/sociological-surveys\/","title":{"rendered":"Sociological surveys and public opinion"},"content":{"rendered":"<section  class='av_textblock_section av-jsx63wwo-641d1487339e8ee27b5f38e9eb0044a1 '   itemscope=\"itemscope\" itemtype=\"https:\/\/schema.org\/CreativeWork\" ><div class='avia_textblock'  itemprop=\"text\" ><div style=\"width=100%;background-color: #e1e1e1; padding: 10px 5px 10px 5px; font-size: +2em;\"><strong>ENQUESTES SOCIOL\u00d2GIQUES<\/strong><\/div>\n<p>L\u2019Institut Opin\u00f2metre realitza:<\/p>\n<ul>\n<li>Bar\u00f2metres d\u2019opini\u00f3.<\/li>\n<li>Estudis sobre immigraci\u00f3.<\/li>\n<li>Enquestes de condicions de vida.<\/li>\n<li>Enquestes socioling\u00fc\u00edstiques.<\/li>\n<li>Estudis sobre ruralitat i poblaci\u00f3 rural.<\/li>\n<li>Enquestes electorals.<\/li>\n<li>Enquestes sobre seguretat ciutadana i victimitzaci\u00f3.<\/li>\n<\/ul>\n<p>Per a m\u00e9s informaci\u00f3 entra\u00a0<a href=\"https:\/\/www.opinometre.com\/wp-content\/uploads\/2018\/12\/6_Estudis-sociol%C3%B2gics-i-dopini%C3%B3-p%C3%BAblica.pdf\">aqu\u00ed<\/a>.<\/p>\n<p>Els principals estudis realitzats en aquest \u00e0mbit s\u00f3n<\/p>\n<p>Enquestes CATI pel projecte ERSAMB\u201918 (Recollda selectiva a l\u2019\u00e0mbit de AMB), 2018.<br \/>\n<strong>Institut d\u2019Estudis Regionals i Metropolitans de Barcelona \u2013 IERMB<\/strong><\/p>\n<p>Enquesta d\u2019actualitat pol\u00edtica a Catalunya (2017-2018).<br \/>\n<strong>Diari ARA<\/strong><\/p>\n<p>Bar\u00f2metre d\u2019Opini\u00f3 P\u00fablica ( BOP), 2012, 2016 i 2018.<br \/>\n<strong>Centre d\u2019Estudis d\u2019Opini\u00f3 (CEO)<\/strong><\/p>\n<p>Enquesta d\u2019Ecologia Urbana a la ciutat de Barcelona, 2018.<br \/>\n<strong>Ajuntament de Barcelona<\/strong><\/p>\n<p>Enquesta d\u2019Usos Ling\u00fc\u00edstics de la poblaci\u00f3 catalana EUL, 2018.<br \/>\n<strong>Departament de Cultura de la Generalitat de Catalunya<\/strong><\/p>\n<p>Servei de dades quantitatives i qualitatives sobre necessitats i demandes relacionades amb la formaci\u00f3 de lleng\u00fces estrangeres, 2018-2019.<br \/>\n<strong>Universitat Aut\u00f2noma de Barcelona (UAB)<\/strong><\/p>\n<p>Servei d\u2019un estudi d\u2019opini\u00f3 p\u00fablica per a una Campanya Informativa i de Participaci\u00f3 adre\u00e7ada a les Comunitats de Ve\u00efns i Ve\u00efnes dels barris de l\u2019Hospitalet de Llobregat, 2017.<br \/>\n<strong>Ajuntament de l\u2019Hospitalet del Llobregat<\/strong><\/p>\n<p>Servei de realitzaci\u00f3 del treball de campo explotaci\u00f3 estad\u00edstica a persones usu\u00e0ries d\u2019oficines municipals d\u2019informaci\u00f3 al consumidor (OMIC), 2017.<br \/>\n<strong>Diputaci\u00f3 de Barcelona<\/strong><\/p>\n<p>Enquesta de viol\u00e8ncia masclista a Catalunya, 2016.<br \/>\n<strong>Departament d\u2019Interior de la Generalitat de Catalunya<\/strong><\/p>\n<p>Realitzaci\u00f3 d\u2019enquestes \u00d2mnibus municipal, 2015-2016.<br \/>\n<strong>Ajuntament de Barcelona<\/strong><\/p>\n<p>Enquestes presencials a la Feria de Abril de Catalunya, 2016.<br \/>\n<strong>Barcelona de Serveis Municipals, S.A \u2013 B:SM<\/strong><\/p>\n<p>Servei d\u2019elaboraci\u00f3 de l\u2019Observatori sociol\u00f2gic i d\u2019indicadors estrat\u00e8gics a Sant Cugat, 2014-2016.<br \/>\n<strong>Ajuntament de Sant Cugat<\/strong><\/p>\n<p>Enquesta de Percepci\u00f3 del Turisme a Barcelona, 2016-2018.<br \/>\n<strong>Barcelona Activa S.A.<\/strong><\/p>\n<p>Desenvolupament del projecte de prospectiva de tend\u00e8ncies, actituds i motivacions de mercats tur\u00edstics emisors per a la provincia de M\u00e1laga, 2013-2014.<br \/>\n<strong>Escuela de Organizaci\u00f3n Industrial (EOI)<\/strong><\/p>\n<p>Enquesta de Condicions de Vida i H\u00e0bits de la Poblaci\u00f3 de Catalunya ( ECVHPC), 2013<br \/>\n<strong>Institut d\u2019Estudis Regionals i Metropolitans de Barcelona IERMB \u2013 IDESCAT<\/strong><\/p>\n<\/div><\/section>\n","protected":false},"excerpt":{"rendered":"","protected":false},"author":1,"featured_media":0,"parent":4679,"menu_order":0,"comment_status":"closed","ping_status":"closed","template":"","meta":{"footnotes":""},"class_list":["post-4681","page","type-page","status-publish","hentry"],"_links":{"self":[{"href":"https:\/\/www.opinometre.com\/en\/wp-json\/wp\/v2\/pages\/4681","targetHints":{"allow":["GET"]}}],"collection":[{"href":"https:\/\/www.opinometre.com\/en\/wp-json\/wp\/v2\/pages"}],"about":[{"href":"https:\/\/www.opinometre.com\/en\/wp-json\/wp\/v2\/types\/page"}],"author":[{"embeddable":true,"href":"https:\/\/www.opinometre.com\/en\/wp-json\/wp\/v2\/users\/1"}],"replies":[{"embeddable":true,"href":"https:\/\/www.opinometre.com\/en\/wp-json\/wp\/v2\/comments?post=4681"}],"version-history":[{"count":2,"href":"https:\/\/www.opinometre.com\/en\/wp-json\/wp\/v2\/pages\/4681\/revisions"}],"predecessor-version":[{"id":4814,"href":"https:\/\/www.opinometre.com\/en\/wp-json\/wp\/v2\/pages\/4681\/revisions\/4814"}],"up":[{"embeddable":true,"href":"https:\/\/www.opinometre.com\/en\/wp-json\/wp\/v2\/pages\/4679"}],"wp:attachment":[{"href":"https:\/\/www.opinometre.com\/en\/wp-json\/wp\/v2\/media?parent=4681"}],"curies":[{"name":"wp","href":"https:\/\/api.w.org\/{rel}","templated":true}]}}