{"id":4662,"date":"2019-03-06T14:01:53","date_gmt":"2019-03-06T13:01:53","guid":{"rendered":"https:\/\/www.opinometre.com\/metodologia\/"},"modified":"2019-03-07T16:47:47","modified_gmt":"2019-03-07T15:47:47","slug":"metodology","status":"publish","type":"page","link":"https:\/\/www.opinometre.com\/en\/metodology\/","title":{"rendered":"Metodology"},"content":{"rendered":"<section  class='av_textblock_section av-jsx7t3w7-04e08a4442562c615e6648c4c98b1f3b '   itemscope=\"itemscope\" itemtype=\"https:\/\/schema.org\/CreativeWork\" ><div class='avia_textblock'  itemprop=\"text\" ><div style=\"width=100%;background-color: #e1e1e1; padding: 10px 5px 10px 5px; font-size: +2em;\"><strong>METODOLOGIA<\/strong><\/div>\n<div><\/div>\n<div>\n<p>Per a la generaci\u00f3 de dades i informaci\u00f3:<\/p>\n<h3>Quantitativa:<\/h3>\n<ul>\n<li>Enquestes personals (CAPI).<\/li>\n<li>Enquestes telef\u00f2niques (CATI).<\/li>\n<li>Enquestes en l\u00ednia (CAWI).<\/li>\n<li>Enquestes postals.<\/li>\n<li>Hall test.<\/li>\n<li>Home test.<\/li>\n<\/ul>\n<h3>Qualitativa:<\/h3>\n<ul>\n<li>Din\u00e0miques de grup (Focus Groups).<\/li>\n<li>Entrevistes en profunditat.<\/li>\n<li>T\u00e8cniques projectives.<\/li>\n<li>Experimentaci\u00f3.<\/li>\n<li>Observaci\u00f3.<\/li>\n<li>Mystery Shopping.<\/li>\n<\/ul>\n<p>Per a l&#8217;an\u00e0lisi de dades i l&#8217;elaboraci\u00f3 d&#8217;informes i productes aplicats:<\/p>\n<h3>Quantitativa:<\/h3>\n<ul>\n<li>Estad\u00edstica descriptiva: taules, gr\u00e0fics, mesures de tend\u00e8ncia central, dispersi\u00f3 i forma.<\/li>\n<li>An\u00e0lisis exploratoris.<\/li>\n<li>Estad\u00edstica inferencial: construcci\u00f3 d&#8217;intervals de confian\u00e7a, disseny mostral i d&#8217;altres.<\/li>\n<li>Correlaci\u00f3 i taules de creuaments.<\/li>\n<li>An\u00e0lisi de la regressi\u00f3 en totes les seves modalitats.<\/li>\n<li>An\u00e0lisi de prefer\u00e8ncies declarades amb aplicaci\u00f3 de regressi\u00f3 log\u00edstica.<\/li>\n<li>An\u00e0lisi multivariable: components principals, factorial, discriminant, cluster i d&#8217;altres.<\/li>\n<li>An\u00e0lisi d&#8217;equacions estructurals.<\/li>\n<li>An\u00e0lisi multinivell.<\/li>\n<li>An\u00e0lisi de s\u00e8ries temporals.<\/li>\n<li>An\u00e0lisi de superviv\u00e8ncia.<\/li>\n<li>Altres.<\/li>\n<\/ul>\n<h3>Qualitativa:<\/h3>\n<ul>\n<li>An\u00e0lisi contextual.<\/li>\n<li>Delphi.<\/li>\n<li>Crisp Set Qualitative Comparative Analysis.<\/li>\n<li>Fuzzy Set Qualitative Comparative Analysis.<\/li>\n<li>Altres.<\/li>\n<\/ul>\n<\/div>\n<\/div><\/section>\n","protected":false},"excerpt":{"rendered":"","protected":false},"author":1,"featured_media":0,"parent":0,"menu_order":0,"comment_status":"closed","ping_status":"closed","template":"","meta":{"footnotes":""},"class_list":["post-4662","page","type-page","status-publish","hentry"],"_links":{"self":[{"href":"https:\/\/www.opinometre.com\/en\/wp-json\/wp\/v2\/pages\/4662","targetHints":{"allow":["GET"]}}],"collection":[{"href":"https:\/\/www.opinometre.com\/en\/wp-json\/wp\/v2\/pages"}],"about":[{"href":"https:\/\/www.opinometre.com\/en\/wp-json\/wp\/v2\/types\/page"}],"author":[{"embeddable":true,"href":"https:\/\/www.opinometre.com\/en\/wp-json\/wp\/v2\/users\/1"}],"replies":[{"embeddable":true,"href":"https:\/\/www.opinometre.com\/en\/wp-json\/wp\/v2\/comments?post=4662"}],"version-history":[{"count":2,"href":"https:\/\/www.opinometre.com\/en\/wp-json\/wp\/v2\/pages\/4662\/revisions"}],"predecessor-version":[{"id":6865,"href":"https:\/\/www.opinometre.com\/en\/wp-json\/wp\/v2\/pages\/4662\/revisions\/6865"}],"wp:attachment":[{"href":"https:\/\/www.opinometre.com\/en\/wp-json\/wp\/v2\/media?parent=4662"}],"curies":[{"name":"wp","href":"https:\/\/api.w.org\/{rel}","templated":true}]}}