{"id":8944,"date":"2024-03-26T09:37:07","date_gmt":"2024-03-26T08:37:07","guid":{"rendered":"https:\/\/www.opinometre.com\/?page_id=8944"},"modified":"2025-04-01T15:12:02","modified_gmt":"2025-04-01T14:12:02","slug":"emef-contacte","status":"publish","type":"page","link":"https:\/\/www.opinometre.com\/ca\/emef-contacte\/","title":{"rendered":"EMEF &#8211; Contacte"},"content":{"rendered":"<div  class='flex_column av-99hcw-f9f3a6d96e0d12180989b65f6d17c772 av_one_full  avia-builder-el-0  el_before_av_two_third  avia-builder-el-first  first flex_column_div  '     ><section  class='av_textblock_section av-lu841pm0-5d748663a28ee7b9b79b80282df9cde7 '   itemscope=\"itemscope\" itemtype=\"https:\/\/schema.org\/CreativeWork\" ><div class='avia_textblock'  itemprop=\"text\" ><p>Pots contactar amb nosaltres per <strong><a href=\"https:\/\/wa.me\/34659859548\">Whatsapp<\/a><\/strong>, al tel\u00e8fon <strong><a href=\"https:\/\/wa.me\/34659859548\">659859548<\/a><\/strong><\/p>\n<p>Tamb\u00e9 ens pots trucar al <strong>tel\u00e8fon gratu\u00eft 900533425<\/strong>, de dilluns a divendres, de 9:30 a 21:30 i els dissabtes de 10:00a 16:00<\/p>\n<p>Si prefereixes ens pots<strong> escriure<\/strong> omplint el <strong>formulari<\/strong> i ens posarem en contacte amb tu no m\u00e9s de 48 hores laborables.<\/p>\n<p>O, de <strong>dilluns a divendres<\/strong>, de <strong>9:30 a 21:30<\/strong> i els <strong>dissabtes<\/strong> de <strong>10:00 a 16:00<\/strong> pots fer un <strong>xat<\/strong> amb un dels nostres especialistes d&#8217;atenci\u00f3.<\/p>\n<\/div><\/section><\/div><div  class='flex_column av-49y8sg-8447a0adbbf10d5e741d5c40aaa4e821 av_two_third  avia-builder-el-2  el_after_av_one_full  el_before_av_one_third  first flex_column_div  column-top-margin'     ><section  class='av_textblock_section av-lu771whz-d7be157b9124896f5b7f493090e2d1df '   itemscope=\"itemscope\" itemtype=\"https:\/\/schema.org\/CreativeWork\" ><div class='avia_textblock'  itemprop=\"text\" >\n<div class=\"wpcf7 no-js\" id=\"wpcf7-f8948-o1\" lang=\"ca\" dir=\"ltr\" data-wpcf7-id=\"8948\">\n<div class=\"screen-reader-response\"><p role=\"status\" aria-live=\"polite\" aria-atomic=\"true\"><\/p> <ul><\/ul><\/div>\n<form action=\"\/ca\/wp-json\/wp\/v2\/pages\/8944#wpcf7-f8948-o1\" method=\"post\" class=\"wpcf7-form init wpcf7-acceptance-as-validation\" aria-label=\"Formulari de contacte\" novalidate=\"novalidate\" data-status=\"init\">\n<fieldset class=\"hidden-fields-container\"><input type=\"hidden\" name=\"_wpcf7\" value=\"8948\" \/><input type=\"hidden\" name=\"_wpcf7_version\" value=\"6.1.5\" \/><input type=\"hidden\" name=\"_wpcf7_locale\" value=\"ca\" \/><input type=\"hidden\" name=\"_wpcf7_unit_tag\" value=\"wpcf7-f8948-o1\" \/><input type=\"hidden\" name=\"_wpcf7_container_post\" value=\"0\" \/><input type=\"hidden\" name=\"_wpcf7_posted_data_hash\" value=\"\" \/><input type=\"hidden\" name=\"_wpcf7_recaptcha_response\" value=\"\" \/>\n<\/fieldset>\n<div id=\"responsive-form\" class=\"clearfix\" style=\"margin:0px;\">\n\t<div class=\"form-row\">\n\t\t<div class=\"column-full\">\n\t\t\t<p><span class=\"wpcf7-form-control-wrap\" data-name=\"your-name\"><input size=\"40\" maxlength=\"400\" class=\"wpcf7-form-control wpcf7-text wpcf7-validates-as-required\" aria-required=\"true\" aria-invalid=\"false\" value=\"Nom *\" type=\"text\" name=\"your-name\" \/><\/span>\n\t\t\t<\/p>\n\t\t<\/div>\n\t<\/div>\n\t<div class=\"form-row\">\n\t\t<div class=\"column-full\">\n\t\t\t<p><span class=\"wpcf7-form-control-wrap\" data-name=\"your-email\"><input size=\"40\" maxlength=\"400\" class=\"wpcf7-form-control wpcf7-email wpcf7-text wpcf7-validates-as-email\" aria-invalid=\"false\" value=\"Correu eletr\u00f2nic\" type=\"email\" name=\"your-email\" \/><\/span>\n\t\t\t<\/p>\n\t\t<\/div>\n\t<\/div>\n\t<div class=\"form-row\">\n\t\t<div class=\"column-full\">\n\t\t\t<p><span class=\"wpcf7-form-control-wrap\" data-name=\"telefon\"><input size=\"40\" maxlength=\"400\" class=\"wpcf7-form-control wpcf7-tel wpcf7-validates-as-required wpcf7-text wpcf7-validates-as-tel\" aria-required=\"true\" aria-invalid=\"false\" value=\"Tel\u00e8fon *\" type=\"tel\" name=\"telefon\" \/><\/span>\n\t\t\t<\/p>\n\t\t<\/div>\n\t<\/div>\n\t<div class=\"form-row\">\n\t\t<div class=\"column-full\">\n\t\t\t<p><span class=\"wpcf7-form-control-wrap\" data-name=\"your-message\"><textarea cols=\"40\" rows=\"4\" maxlength=\"2000\" class=\"wpcf7-form-control wpcf7-textarea\" aria-invalid=\"false\" name=\"your-message\">El teu missatge<\/textarea><\/span>\n\t\t\t<\/p>\n\t\t<\/div>\n\t<\/div>\n\t<div class=\"form-row\">\n\t\t<div class=\"column-full\">\n\t\t\t<p><span class=\"wpcf7-form-control-wrap\" data-name=\"accept-this\"><span class=\"wpcf7-form-control wpcf7-acceptance\"><span class=\"wpcf7-list-item\"><label><input type=\"checkbox\" name=\"accept-this\" value=\"1\" aria-invalid=\"false\" \/><span class=\"wpcf7-list-item-label\">* He llegit i accepto les <a href=\"\/condicions-dus-i-politica-de-privacitat\/\" target=\"_blank\">Condicions d'\u00fas i pol\u00edtica de privacitat<\/a><\/span><\/label><\/span><\/span><\/span><br \/>\n\t\t\t\n\t\t\t<\/p>\n\t\t<\/div>\n\t<\/div>\n\t<div class=\"form-row\">\n\t\t<div class=\"column-full\">\n\t\t\t<p><input class=\"wpcf7-form-control wpcf7-submit has-spinner\" type=\"submit\" value=\"Enviar\" \/>\n\t\t\t<\/p>\n\t\t<\/div>\n\t<\/div>\n<\/div><!--end responsive-form--><div class=\"wpcf7-response-output\" aria-hidden=\"true\"><\/div>\n<\/form>\n<\/div>\n\n<\/div><\/section><\/div><\/p>\n<div  class='flex_column av-7s428-d51adf5778990f8c7f0a48674a539d7d av_one_third  avia-builder-el-4  el_after_av_two_third  avia-builder-el-last  flex_column_div  column-top-margin'     ><\/div>\n","protected":false},"excerpt":{"rendered":"","protected":false},"author":1,"featured_media":0,"parent":0,"menu_order":0,"comment_status":"closed","ping_status":"closed","template":"","meta":{"footnotes":""},"class_list":["post-8944","page","type-page","status-publish","hentry"],"_links":{"self":[{"href":"https:\/\/www.opinometre.com\/ca\/wp-json\/wp\/v2\/pages\/8944","targetHints":{"allow":["GET"]}}],"collection":[{"href":"https:\/\/www.opinometre.com\/ca\/wp-json\/wp\/v2\/pages"}],"about":[{"href":"https:\/\/www.opinometre.com\/ca\/wp-json\/wp\/v2\/types\/page"}],"author":[{"embeddable":true,"href":"https:\/\/www.opinometre.com\/ca\/wp-json\/wp\/v2\/users\/1"}],"replies":[{"embeddable":true,"href":"https:\/\/www.opinometre.com\/ca\/wp-json\/wp\/v2\/comments?post=8944"}],"version-history":[{"count":11,"href":"https:\/\/www.opinometre.com\/ca\/wp-json\/wp\/v2\/pages\/8944\/revisions"}],"predecessor-version":[{"id":9152,"href":"https:\/\/www.opinometre.com\/ca\/wp-json\/wp\/v2\/pages\/8944\/revisions\/9152"}],"wp:attachment":[{"href":"https:\/\/www.opinometre.com\/ca\/wp-json\/wp\/v2\/media?parent=8944"}],"curies":[{"name":"wp","href":"https:\/\/api.w.org\/{rel}","templated":true}]}}