{"id":6562,"date":"2019-04-02T12:32:33","date_gmt":"2019-04-02T11:32:33","guid":{"rendered":"https:\/\/www.opinometre.com\/?page_id=6562"},"modified":"2019-04-02T13:22:07","modified_gmt":"2019-04-02T12:22:07","slug":"universitats-i-centres-dinvestigacio","status":"publish","type":"page","link":"https:\/\/www.opinometre.com\/ca\/referencies\/universitats-i-centres-dinvestigacio\/","title":{"rendered":"Universitats i centres d&#8217;investigaci\u00f3"},"content":{"rendered":"<section  class='av_textblock_section av-jtzpdcww-5f5f1c6c19a0ae68ccc5f9d03653ef56 '   itemscope=\"itemscope\" itemtype=\"https:\/\/schema.org\/CreativeWork\" ><div class='avia_textblock'  itemprop=\"text\" ><div style=\"width=100%;background-color: #e1e1e1; padding: 10px 5px 10px 5px; font-size: +2em;\"><strong>Universitats i centres d&#8217;investigaci\u00f3<\/strong><\/div>\n<div>Ag\u00e8ncia d&#8217;Avaluaci\u00f3 de Tecnologia i Recerca M\u00e8diques<br \/>\nAgencia de Desarrollo Econ\u00f3mico &#8220;Madrid Emprende&#8221;<br \/>\nAgencia de Desarrollo Econ\u00f3mico de La Rioja<br \/>\nAsociaci\u00f3n de investigaci\u00f3n y desarrollo del Emprendimiento (AIDE)<br \/>\nBabson Global, Inc.<br \/>\nCentro Europeo de Empresas e Innovaci\u00f3n de Castilla y Le\u00f3n S.A.<br \/>\nCentro Europeo de Empresas e Innovaci\u00f3n de Valencia<br \/>\nCentro Superior de Investigaciones Cient\u00edficas (CSIC)<br \/>\nD.G. de Empresas, Competitividad e Internalizaci\u00f3n de Castilla la Mancha<br \/>\nEscola Universit\u00e0ria de Turisme<br \/>\nEscuela de Organizaci\u00f3n Industrial (EOI)<br \/>\nEstudi Universitari &#8211; EuroQol Group 2010<br \/>\nFundaci\u00f3 Bosch i Gimpera<br \/>\nFundaci\u00f3 Xavier de Salas<br \/>\nFundaci\u00f3n EAE<br \/>\nFundaci\u00f3n Escuela de negocios<br \/>\nFundaci\u00f3n General de la Universidad Aut\u00f3noma de Madrid<br \/>\nFundaci\u00f3n General Universidad de Granada<br \/>\nFundaci\u00f3n Instituto de Empresa<br \/>\nFundaci\u00f3n Tecnocampus-Maresme<br \/>\nFundaci\u00f3n UCEIF<br \/>\nFundaci\u00f3n Universitaria de Las Palmas<br \/>\nFundaci\u00f3n Xavier de Salas<br \/>\nGERA London Business School<br \/>\nHospital Universitari Son Espases<br \/>\nIE Universidad<br \/>\nInstitut Barcelona d&#8217;Estudis Internacionals<br \/>\nInstitut d\u00b4Estudis Regionals i Metropolitans de Barcelona (IERMB)<br \/>\nInstitut de Ci\u00e8ncia i Tecnologia Ambiental<br \/>\nLancaster University<br \/>\nOrkestra Instituto Vasco de Competitividad<br \/>\nUniversidad Antonio de Nebrija<br \/>\nUniversidad Aut\u00f3noma de Madrid<br \/>\nUniversidad Castilla-La Mancha<br \/>\nUniversidad de Almer\u00eda<br \/>\nUniversidad de C\u00e1diz<br \/>\nUniversidad de Cantabria<br \/>\nUniversidad de Deusto<br \/>\nUniversidad de Granada<br \/>\nUniversidad de Ja\u00e9n<br \/>\nUniversidad de Le\u00f3n<br \/>\nUniversidad de M\u00e1laga<br \/>\nUniversidad de Murcia<br \/>\nUniversidad de Oviedo<br \/>\nUniversidad de Santiago de Compostela<br \/>\nUniversidad de Sevilla<br \/>\nUniversidad de Zaragoza<br \/>\nUniversidad La Laguna<br \/>\nUniversidad Miguel Hern\u00e1ndez<br \/>\nUniversidad Pablo de Olavide<br \/>\nUniversidad P\u00fablica de Navarra<br \/>\nUniversitat Aut\u00f2noma de Barcelona (UAB)<br \/>\nUniversitat de Barcelona<br \/>\nUniversitat de les Illes Balears<br \/>\nUniversitat de Valencia<br \/>\nUniversitat Polit\u00e8cnica de Catalunya<br \/>\nUniversitat Polit\u00e8cnica de Val\u00e8ncia<br \/>\nUniversitat Pompeu Fabra (UPF)<br \/>\nUniversitat Ramon Llull<br \/>\nUniversitats de Catalunya<br \/>\nUniversity of Leeds<\/div>\n<\/div><\/section>\n","protected":false},"excerpt":{"rendered":"","protected":false},"author":1,"featured_media":0,"parent":6540,"menu_order":0,"comment_status":"closed","ping_status":"closed","template":"","meta":{"footnotes":""},"class_list":["post-6562","page","type-page","status-publish","hentry"],"_links":{"self":[{"href":"https:\/\/www.opinometre.com\/ca\/wp-json\/wp\/v2\/pages\/6562","targetHints":{"allow":["GET"]}}],"collection":[{"href":"https:\/\/www.opinometre.com\/ca\/wp-json\/wp\/v2\/pages"}],"about":[{"href":"https:\/\/www.opinometre.com\/ca\/wp-json\/wp\/v2\/types\/page"}],"author":[{"embeddable":true,"href":"https:\/\/www.opinometre.com\/ca\/wp-json\/wp\/v2\/users\/1"}],"replies":[{"embeddable":true,"href":"https:\/\/www.opinometre.com\/ca\/wp-json\/wp\/v2\/comments?post=6562"}],"version-history":[{"count":1,"href":"https:\/\/www.opinometre.com\/ca\/wp-json\/wp\/v2\/pages\/6562\/revisions"}],"predecessor-version":[{"id":6563,"href":"https:\/\/www.opinometre.com\/ca\/wp-json\/wp\/v2\/pages\/6562\/revisions\/6563"}],"up":[{"embeddable":true,"href":"https:\/\/www.opinometre.com\/ca\/wp-json\/wp\/v2\/pages\/6540"}],"wp:attachment":[{"href":"https:\/\/www.opinometre.com\/ca\/wp-json\/wp\/v2\/media?parent=6562"}],"curies":[{"name":"wp","href":"https:\/\/api.w.org\/{rel}","templated":true}]}}