{"id":4895,"date":"2019-03-12T10:02:46","date_gmt":"2019-03-12T09:02:46","guid":{"rendered":"https:\/\/www.opinometre.com\/?page_id=4895"},"modified":"2019-03-18T15:17:40","modified_gmt":"2019-03-18T14:17:40","slug":"estudis-de-comerc-i-consum","status":"publish","type":"page","link":"https:\/\/www.opinometre.com\/ca\/serveis\/estudis-de-comerc-i-consum\/","title":{"rendered":"Estudis de comer\u00e7 i consum"},"content":{"rendered":"<section  class='av_textblock_section av-jt5jrv0k-5d9b60295ef82e610315b36d0fe15b3e '   itemscope=\"itemscope\" itemtype=\"https:\/\/schema.org\/CreativeWork\" ><div class='avia_textblock'  itemprop=\"text\" ><div style=\"width=100%;background-color: #e1e1e1; padding: 10px 5px 10px 5px; font-size: +2em;\"><strong>ESTUDIS DE COMER\u00c7 I CONSUM<\/strong><\/div>\n<ul>\n<li>Estudis, <strong>an\u00e0lisi i diagnosi comercial<\/strong><\/li>\n<li>An\u00e0lisi de <strong>l\u2019oferta comercial i el benchmarking <\/strong><\/li>\n<li><strong>Censos comercials<\/strong><\/li>\n<li>Estudis de <strong>satisfacci\u00f3 del client del comer\u00e7 \u00a0<\/strong><\/li>\n<li>Estudis de <strong>comportament del consumidor<\/strong><\/li>\n<li>Dinamitzaci\u00f3 de les <strong>noves tend\u00e8ncies en consum <\/strong><\/li>\n<\/ul>\n<p>Els principals estudis destacats en aquest \u00e0mbit s\u00f3n:<strong>\u00a0\u00a0\u00a0\u00a0 <\/strong><\/p>\n<ul>\n<li>Realitzaci\u00f3 del treball de camp a les comarques del Vall\u00e8s Occidental i Vall\u00e8s Oriental del projecte d\u2019investigaci\u00f3 d\u2019an\u00e0lisi d\u2019h\u00e0bits de consum i compra\u00a0 (2017).\u00a0 Diputaci\u00f3 de<\/li>\n<li>Estudi d\u2019h\u00e0bits de consum i compra mitjan\u00e7ant enquestes telef\u00f2niques CATI (2017).Ajuntament de Sabadell i Ajuntament de Terrassa.<\/li>\n<li>Realitzaci\u00f3 d\u2019enquestes CATI a responsables de la compra a llars d\u2019Espanya (2017).Universitat Polit\u00e8cnica de Val\u00e8ncia (UPV).<\/li>\n<li>Estudi sobre l\u2019\u00fas de tecnologies al comer\u00e7 en els municipis de la prov\u00edncia de Barcelona (2017). Diputaci\u00f3 de Barcelona.<\/li>\n<\/ul>\n<p>Estudi pel Llibre Blanc sobre les terrasses a Barcelona (2016).Gremi de restauraci\u00f3 de Barcelona.<\/p>\n<\/div><\/section>\n","protected":false},"excerpt":{"rendered":"","protected":false},"author":1,"featured_media":0,"parent":4546,"menu_order":0,"comment_status":"closed","ping_status":"closed","template":"","meta":{"footnotes":""},"class_list":["post-4895","page","type-page","status-publish","hentry"],"_links":{"self":[{"href":"https:\/\/www.opinometre.com\/ca\/wp-json\/wp\/v2\/pages\/4895","targetHints":{"allow":["GET"]}}],"collection":[{"href":"https:\/\/www.opinometre.com\/ca\/wp-json\/wp\/v2\/pages"}],"about":[{"href":"https:\/\/www.opinometre.com\/ca\/wp-json\/wp\/v2\/types\/page"}],"author":[{"embeddable":true,"href":"https:\/\/www.opinometre.com\/ca\/wp-json\/wp\/v2\/users\/1"}],"replies":[{"embeddable":true,"href":"https:\/\/www.opinometre.com\/ca\/wp-json\/wp\/v2\/comments?post=4895"}],"version-history":[{"count":2,"href":"https:\/\/www.opinometre.com\/ca\/wp-json\/wp\/v2\/pages\/4895\/revisions"}],"predecessor-version":[{"id":5148,"href":"https:\/\/www.opinometre.com\/ca\/wp-json\/wp\/v2\/pages\/4895\/revisions\/5148"}],"up":[{"embeddable":true,"href":"https:\/\/www.opinometre.com\/ca\/wp-json\/wp\/v2\/pages\/4546"}],"wp:attachment":[{"href":"https:\/\/www.opinometre.com\/ca\/wp-json\/wp\/v2\/media?parent=4895"}],"curies":[{"name":"wp","href":"https:\/\/api.w.org\/{rel}","templated":true}]}}