{"id":4425,"date":"2019-03-04T17:04:39","date_gmt":"2019-03-04T16:04:39","guid":{"rendered":"https:\/\/www.opinometre.com\/?page_id=4425"},"modified":"2026-01-26T16:31:41","modified_gmt":"2026-01-26T15:31:41","slug":"politica-de-cookies","status":"publish","type":"page","link":"https:\/\/www.opinometre.com\/ca\/politica-de-cookies\/","title":{"rendered":"Pol\u00edtica de cookies"},"content":{"rendered":"<section  class='av_textblock_section av-jsujbrw9-ea27f2fb616b4dc3090ae8287171f9b5 '   itemscope=\"itemscope\" itemtype=\"https:\/\/schema.org\/CreativeWork\" ><div class='avia_textblock'  itemprop=\"text\" ><div style=\"width=100%;background-color: #e1e1e1; padding: 10px 5px 10px 5px; font-size: +2em;\"><strong>POL\u00cdTICA DE COOKIES<\/strong><\/div>\n<h3><\/h3>\n<h3><strong>INTRODUCCI\u00d3<\/strong><\/h3>\n<p>La web de <strong>OPINOMETRE, S.L.<\/strong> utilitza cookies pr\u00f2pies i de tercers. Una cookie \u00e9s un arxiu que es descarrega al seu ordinador en accedir a determinades p\u00e0gines web. Les cookies permeten a una p\u00e0gina web, entre altres finalitats, assegurar el correcte funcionament de la p\u00e0gina, permetre a l&#8217;Usuari un acc\u00e9s m\u00e9s r\u00e0pid als serveis seleccionats, emmagatzemar i recuperar informaci\u00f3 sobre els h\u00e0bits de navegaci\u00f3 d&#8217;un usuari o del seu equip i fins i tot, depenent de la informaci\u00f3 que continguin i de la forma en qu\u00e8 utilitzi el seu equip,\u00a0 es poden utilitzar per recon\u00e8ixer l&#8217;Usuari. Les cookies s&#8217;associen \u00fanicament a un usuari an\u00f2nim i el seu ordinador o dispositiu i no proporcionen refer\u00e8ncies que permetin con\u00e8ixer les seves dades personals, llevat de perm\u00eds expr\u00e9s d&#8217;aquell.<\/p>\n<p>L&#8217;Usuari pot, en tot moment, acceptar o rebutjar les cookies instal\u00b7lades que no siguin estrictament necess\u00e0ries per al correcte funcionament de la web i l&#8217;acc\u00e9s a l&#8217;Usuari als seus serveis, a trav\u00e9s del panell d&#8217;ajust de cookies proporcionat a la nostra web. Aix\u00ed mateix, podr\u00e0 configurar el seu navegador en tot moment sense que aix\u00f2 perjudiqui la possibilitat de l&#8217;Usuari d&#8217;accedir als continguts. Tanmateix, l&#8217;informem que el rebuig de les cookies pot disminuir el bon funcionament del web.<\/p>\n<p><strong>COOKIES AFECTADES PER LA NORMATIVA I COOKIES EXEMPTES<\/strong><\/p>\n<p>Segons la directiva de la UE, les cookies que requereixen el consentiment informat per part de l&#8217;Usuari s\u00f3n les cookies d&#8217;anal\u00edtica, les de publicitat i afiliaci\u00f3, quedant exceptuades les de car\u00e0cter t\u00e8cnic i les necess\u00e0ries per al funcionament del lloc web o la prestaci\u00f3 de serveis expressament demandats per l&#8217;Usuari.<\/p>\n<p><strong>TIPUS DE COOKIES<\/strong><\/p>\n<ol>\n<li>a) Segons l&#8217;<strong>entitat que les gestioni<\/strong>, hi ha cookies <strong>pr\u00f2pies<\/strong> (aquelles que s&#8217;envien a l&#8217;equip terminal de l&#8217;Usuari des d&#8217;un equip o domini que no \u00e9s gestionat per l&#8217;editor, sin\u00f3 per una altra entitat que tracta les dades obtingudes mitjan\u00e7ant les cookies).<\/li>\n<li>b) Segons el <strong>temps que romanen actives<\/strong>, hi ha les de <strong>sessi\u00f3<\/strong> (dissenyades per demanar i emmagatzemar dades mentre l&#8217;Usuari accedeix a una p\u00e0gina web) i les <strong>persistents<\/strong> (en qu\u00e8 les dades s&#8217;emmagatzemen al terminal i poden ser accedides i tractades durant un per\u00edode definit pel responsable de la cookie (pot anar d&#8217;uns minuts a diversos anys).<\/li>\n<li>c) Segons la <strong>finalitat<\/strong> per a la qual tracten la informaci\u00f3 que recopilen, poden ser:<\/li>\n<\/ol>\n<ul>\n<li><strong>Cookies t\u00e8cniques<\/strong> (necess\u00e0ries per a l&#8217;\u00fas de la web i la prestaci\u00f3 del servei contractat);<\/li>\n<li><strong>Cookies de personalitzaci\u00f3<\/strong> (que permeten a l&#8217;Usuari accedir al servei amb caracter\u00edstiques predefinides, com ara l&#8217;idioma, tipus de navegador, configuraci\u00f3 regional, etc.);<\/li>\n<li><strong>Cookies d&#8217;an\u00e0lisi<\/strong> (recullen informaci\u00f3 de l&#8217;\u00fas que es realitza de la web);<\/li>\n<li><strong>Cookies publicit\u00e0ries<\/strong> (recullen informaci\u00f3 sobre les prefer\u00e8ncies i eleccions personals dels usuaris);<\/li>\n<li><strong>Cookies d&#8217;afiliats<\/strong> (permeten fer un seguiment de les visites procedents d&#8217;altres webs, amb les quals el lloc web estableix un contracte d&#8217;afiliaci\u00f3).<\/li>\n<\/ul>\n<p><strong>TIPUS DE COOKIES UTILITZADES PER A AQUEST LLOC WEB<\/strong><\/p>\n<p><strong>\u00a0<\/strong><\/p>\n<table width=\"0\">\n<tbody>\n<tr>\n<td width=\"167\"><strong>Nom<\/strong><\/td>\n<td width=\"135\"><\/td>\n<td width=\"127\"><\/td>\n<td width=\"155\"><\/td>\n<\/tr>\n<tr>\n<td width=\"167\">Cookies de an\u00e0lisi<\/td>\n<td width=\"135\">Permeten el seguiment i an\u00e0lisi del comportament dels usuaris al lloc web ia la resta de p\u00e0gines web del grup<\/td>\n<td width=\"127\">Sense caducitat<\/td>\n<td width=\"155\">Google Analytics, un servei anal\u00edtic de web prestat per Google, Inc., una companyia de Delaware que t\u00e9 com a oficina principal el 1600 Amphitheatre Parkway, Mountain View (Calif\u00f2rnia), CA 94043, Estats Units (Google).<\/td>\n<\/tr>\n<\/tbody>\n<\/table>\n<p><strong>\u00a0<\/strong><\/p>\n<p>Mentre navega per la nostra web, poden emmagatzemar-se al seu navegador les cookies de les nostres xarxes socials. A continuaci\u00f3, li indiquem els enlla\u00e7os sobre les cookies de les xarxes socials que utilitzem en aquesta web:<\/p>\n<p>Cookies de Meta, veure m\u00e9s informaci\u00f3 a la seva <a href=\"https:\/\/es-es.facebook.com\/privacy\/policies\/cookies\">pol\u00edtica de cookies<\/a><\/p>\n<p>Cookies de X, veure m\u00e9s informaci\u00f3 a la seva <a href=\"https:\/\/help.x.com\/es\/rules-and-policies\/x-cookies\">pol\u00edtica de cookies<\/a><\/p>\n<p>Cookies de LinkedIn, veure m\u00e9s informaci\u00f3 a la seva <a href=\"https:\/\/www.linkedin.com\/legal\/cookie-policy?_l=es_ES\">pol\u00edtica de cookies<\/a><\/p>\n<p><strong>REVOCACI\u00d3<\/strong><\/p>\n<p>En tot moment podr\u00e0 accedir a la configuraci\u00f3 del seu navegador acceptant o rebutjant totes les cookies, o b\u00e9 seleccionar aquelles que la instal\u00b7laci\u00f3 admet i les que no, seguint un dels seg\u00fcents procediments, que dep\u00e8n del navegador que utilitzi:<\/p>\n<p><strong>Google Chrome<\/strong> (al Men\u00fa Eines):<\/p>\n<p>Configuraci\u00f3> Mostrar opcions avan\u00e7ades> Privacitat (Configuraci\u00f3 de contingut)> Cookies:<\/p>\n<p>https:\/\/support.google.com\/chrome\/answer\/95647?co=GENIE.Platform%3DDesktop&#038;hl=es<\/p>\n<p><strong>\u00a0<\/strong><\/p>\n<p><strong>Microsoft Edge<\/strong> (al Men\u00fa Configuraci\u00f3):<\/p>\n<p>Configuraci\u00f3 > Cookies i permisos del lloc:<\/p>\n<p><u><a href=\"edge:\/\/settings\/content\/cookies\">edge:\/\/settings\/content\/cookies<\/a><\/u><\/p>\n<p><strong>\u00a0<\/strong><\/p>\n<p><strong>Firefox:<\/strong><\/p>\n<p>Opcions> Privacitat> Cookies:<\/p>\n<p>https:\/\/support.mozilla.org\/es\/kb\/habilitar-y-deshabilitar-cookies-sitios-web-rastrear-preferencias<\/p>\n<p><strong>Safari, iPad i iPhone:<\/strong><\/p>\n<p>Prefer\u00e8ncies> Privacitat<\/p>\n<p>https:\/\/support.apple.com\/kb\/ph21411?locale=es_ES<\/p>\n<p><strong>Opera:<\/strong><\/p>\n<p>Configuraci\u00f3> Opcions> Avan\u00e7ada> Cookies<\/p>\n<p>http:\/\/help.opera.com\/Windows\/12.00\/es-ES\/cookies.html<\/p>\n<p>Aquests navegadors estan sotmesos a canvis o modificacions, per la qual cosa no podem garantir que s&#8217;ajustin completament a la versi\u00f3 del seu navegador. Tamb\u00e9 pot ser que utilitzi un altre navegador no contemplat en aquests enlla\u00e7os com Konqueror, Arora, Flock, etc. Per evitar aquests desajustos, pot accedir directament des de les opcions del seu navegador, generalment en el men\u00fa d'&#8221;Opcions&#8221; a la secci\u00f3 de &#8220;Privacitat&#8221; (per favor, consulteu l&#8217;ajuda del seu navegador per a m\u00e9s informaci\u00f3).<\/p>\n<p><strong>CANVIS EN LA PRESENT POL\u00cdTICA DE COOKIES<\/strong><\/p>\n<p><strong>OPINOMETRE, S.L. <\/strong>es reserva el dret a modificar la present pol\u00edtica per adaptar-la a novetats legislatives o jurisprudencials.<\/p>\n<p><strong>DESACTIVACI\u00d3 \/ ACTIVACI\u00d3 I ELIMINACI\u00d3 DE COOKIES<\/strong><\/p>\n<p>Per restringir o bloquejar les cookies, es fa a trav\u00e9s de la configuraci\u00f3 del navegador.<\/p>\n<p>Si no desitja que els llocs web posin cap cookie al seu equip, pot adaptar la configuraci\u00f3 del navegador de manera que se li notifiqui abans que es col\u00b7loqui cap cookie. De la mateixa manera, pot adaptar la configuraci\u00f3 de manera que el navegador rebutgi totes les cookies, o \u00fanicament les cookies de tercers. Tamb\u00e9 pot eliminar qualsevol de les cookies que ja es trobin a l&#8217;equip. Recordeu que s&#8217;haur\u00e0 d&#8217;adaptar per separat la configuraci\u00f3 de cada navegador i equip que utilitzi.<\/p>\n<p>Recordeu que, si no desitja rebre cookies, ja no podrem garantir que el nostre lloc web funcioni com cal. Potser algunes funcions del lloc es perdin i \u00e9s possible que ja no pugui veure certs llocs web. A m\u00e9s, rebutjar les cookies no significa que ja no vagi a veure anuncis publicitaris. Simplement els anuncis no s&#8217;ajustaran als seus interessos i es repetiran amb m\u00e9s freq\u00fc\u00e8ncia.<\/p>\n<p>Cada navegador t\u00e9 un m\u00e8tode diferent per adaptar la configuraci\u00f3. Si cal, consulteu la funci\u00f3 d&#8217;ajut del navegador per establir la configuraci\u00f3 correcta.<\/p>\n<p>Per desactivar les cookies al tel\u00e8fon m\u00f2bil, consulteu el manual del dispositiu per obtenir m\u00e9s informaci\u00f3.<\/p>\n<p>Pot obtenir m\u00e9s informaci\u00f3 sobre les cookies a Internet: <u><a href=\"http:\/\/www.aboutcookies.org\/\">http:\/\/www.aboutcookies.org\/<\/a><\/u>.<\/p>\n<p>Tenint en compte la forma en qu\u00e8 funciona Internet i els llocs web, no sempre comptem amb informaci\u00f3 de les cookies que col\u00b7loquen terceres parts a trav\u00e9s del nostre lloc web. Aix\u00f2 s&#8217;aplica especialment a casos en qu\u00e8 la p\u00e0gina web cont\u00e9 el que s&#8217;anomenen elements integrats: textos, documents, imatges o breus pel\u00b7l\u00edcules que s&#8217;emmagatzemen en una altra part, per\u00f2 es mostren al nostre lloc web o mitjan\u00e7ant el mateix.<\/p>\n<p>Per tant, en cas que es trobi amb aquest tipus de cookies en aquest lloc web i no estiguin enumerades a la llista anterior, li preguem que ens ho comuniqui. O b\u00e9 en contacte directament amb el tercer per demanar-li informaci\u00f3 sobre les cookies que col\u00b7loca, la finalitat i la durada de la cookie, i com ha garantit la seva privacitat.<\/p>\n<p><strong>INFORMACI\u00d3 RELACIONADA AMB EL TRACTAMENT DE DADES PERSONALS (ART.13 RGPD)<\/strong><\/p>\n<p><strong>Qui \u00e9s el responsable del tractament de les seves dades personals?<\/strong><\/p>\n<p><strong>OPINOMETRE, S.L. <\/strong>\u00e9s el responsable del tractament de les dades personals que vost\u00e8 ens proporciona, amb domicili a Av. Josep Tarradellas 8, \u00e0tic 2\u00aa, 08029, Barcelona, Barcelona, amb CIF B60003159 i mail de contacte dpd@opinometre.com.<\/p>\n<p><strong>Per a qu\u00e8 utilitzem les seves dades personals?<\/strong><\/p>\n<p>La informaci\u00f3 recopilada a trav\u00e9s de les cookies pr\u00f2pies (cookies de sessi\u00f3 i d&#8217;entrada d&#8217;Usuari) se sol utilitzar per rastrejar les accions de l&#8217;Usuari en omplir els formularis en l\u00ednia en diverses p\u00e0gines, o com a cistella de la compra per fer el seguiment dels articles que l&#8217;Usuari ha seleccionat en pulsar un bot\u00f3, o per personalitzar la <em>interf\u00edcie de <\/em>l&#8217;Usuari en visitar la p\u00e0gina web.<\/p>\n<p>La informaci\u00f3 recopilada a trav\u00e9s de les cookies de tercers \u00e9s la seg\u00fcent:<\/p>\n<ul>\n<li>A trav\u00e9s de les cookies anal\u00edtiques s&#8217;analitzen els seus h\u00e0bits de navegaci\u00f3 per millorar els serveis prestats;<\/li>\n<li>A trav\u00e9s de les cookies comportamentals es recull informaci\u00f3 sobre les prefer\u00e8ncies de l&#8217;Usuari per gestionar els espais publicitaris de la forma m\u00e9s efica\u00e7 possible; y<\/li>\n<li>A trav\u00e9s de les cookies publicit\u00e0ries es mesura el rendiment dels anuncis i es proporcionen recomanacions relatives a productes basades en dades estad\u00edstiques.<\/li>\n<\/ul>\n<p>Per veure exactament l&#8217;\u00fas de les cookies vegeu el quadre sobre l&#8217;\u00fas de les cookies en aquesta web.<\/p>\n<p><strong>\u00a0<\/strong><\/p>\n<p><strong>Quina \u00e9s la base legal per al tractament de les seves dades personals?<\/strong><\/p>\n<p>La legitimaci\u00f3 per al tractament de les seves dades personals ve donada pel seu consentiment, atorgat en el moment de posar-se en contacte amb nosaltres, per a la utilitzaci\u00f3 de cookies anal\u00edtiques, comportamentals i publicit\u00e0ries; per a les cookies de sessi\u00f3 o personalitzaci\u00f3, la legitimaci\u00f3 per al tractament ve donada per l&#8217;inter\u00e8s leg\u00edtim del prestador (responsable del tractament).<\/p>\n<p><strong>A qui comuniquem les seves dades?<\/strong><\/p>\n<p>No se cediran ni comunicaran dades a tercers, excepte per obligaci\u00f3 legal o als tercers indicats en el cas d&#8217; \u00fas de cookies gestionades per aquests.<\/p>\n<p><strong>Quin \u00e9s el termini de conservaci\u00f3 de les seves dades?<\/strong><\/p>\n<p>El termini de conservaci\u00f3 de les dades recollides \u00e9s l&#8217;indicat en el quadre sobre l&#8217;\u00fas de les cookies en aquesta web.<\/p>\n<p><strong>\u00a0<\/strong><\/p>\n<p><strong>Quins s\u00f3n els seus drets?<\/strong><\/p>\n<p>Els drets que emparen l&#8217;Usuari s\u00f3n els d&#8217;acc\u00e9s, rectificaci\u00f3, supressi\u00f3, portabilitat d&#8217;aquests, retirada del consentiment (sense que aix\u00f2 afecti la licitud del tractament atorgat pr\u00e8viament a la seva retirada), oposici\u00f3 al tractament, limitaci\u00f3 (en determinades circumst\u00e0ncies) i a presentar una reclamaci\u00f3 davant l&#8217;autoritat de control (l&#8217;Ag\u00e8ncia Espanyola de Protecci\u00f3 de Dades,\u00a0 <u><a href=\"http:\/\/www.aepd.es\/\">www.aepd.es<\/a><\/u>).<\/p>\n<p>Omplir el quadre amb les dades de les cookies que fa servir la web.<\/p>\n<h3>GESTIONAR COOKIES<\/h3>\n<p>Premi <a class=\" avia-cookie-consent-button avia-cookie-consent-button-2 av-extra-cookie-btn avia-cookie-info-btn \" href=\"#\">aqu\u00ed<\/a> per accedir a la gesti\u00f3 de cookies.<\/p>\n<\/div><\/section>\n","protected":false},"excerpt":{"rendered":"","protected":false},"author":1,"featured_media":0,"parent":0,"menu_order":0,"comment_status":"closed","ping_status":"closed","template":"","meta":{"footnotes":""},"class_list":["post-4425","page","type-page","status-publish","hentry"],"_links":{"self":[{"href":"https:\/\/www.opinometre.com\/ca\/wp-json\/wp\/v2\/pages\/4425","targetHints":{"allow":["GET"]}}],"collection":[{"href":"https:\/\/www.opinometre.com\/ca\/wp-json\/wp\/v2\/pages"}],"about":[{"href":"https:\/\/www.opinometre.com\/ca\/wp-json\/wp\/v2\/types\/page"}],"author":[{"embeddable":true,"href":"https:\/\/www.opinometre.com\/ca\/wp-json\/wp\/v2\/users\/1"}],"replies":[{"embeddable":true,"href":"https:\/\/www.opinometre.com\/ca\/wp-json\/wp\/v2\/comments?post=4425"}],"version-history":[{"count":9,"href":"https:\/\/www.opinometre.com\/ca\/wp-json\/wp\/v2\/pages\/4425\/revisions"}],"predecessor-version":[{"id":9369,"href":"https:\/\/www.opinometre.com\/ca\/wp-json\/wp\/v2\/pages\/4425\/revisions\/9369"}],"wp:attachment":[{"href":"https:\/\/www.opinometre.com\/ca\/wp-json\/wp\/v2\/media?parent=4425"}],"curies":[{"name":"wp","href":"https:\/\/api.w.org\/{rel}","templated":true}]}}